{"id":21868,"date":"2025-02-26T11:37:18","date_gmt":"2025-02-26T10:37:18","guid":{"rendered":"https:\/\/www.sistemaingenius.it\/sg-solutions-produits\/"},"modified":"2026-02-04T11:49:21","modified_gmt":"2026-02-04T10:49:21","slug":"sg-solutions-produits","status":"publish","type":"page","link":"https:\/\/www.sistemaingenius.it\/fr\/sg-solutions-produits\/","title":{"rendered":"SG SOLUTIONS &#8211; Produits"},"content":{"rendered":"<p>[vc_row rt_row_background_width=\u00a0\u00bbfullwidth\u00a0\u00bb rt_row_content_width=\u00a0\u00bbdefault\u00a0\u00bb rt_row_style=\u00a0\u00bbdefault-style\u00a0\u00bb rt_row_height=\u00a0\u00bb\u00a0\u00bb rt_column_gaps=\u00a0\u00bb\u00a0\u00bb rt_row_shadows=\u00a0\u00bb\u00a0\u00bb rt_row_borders=\u00a0\u00bb\u00a0\u00bb rt_bg_effect=\u00a0\u00bbclassic\u00a0\u00bb rt_bg_image_repeat=\u00a0\u00bbrepeat\u00a0\u00bb rt_bg_size=\u00a0\u00bbcover\u00a0\u00bb rt_bg_position=\u00a0\u00bbright top\u00a0\u00bb rt_bg_attachment=\u00a0\u00bbscroll\u00a0\u00bb rt_bg_layer=\u00a0\u00bb\u00a0\u00bb rt_bg_video_format=\u00a0\u00bbself-hosted\u00a0\u00bb][vc_column rt_bg_effect=\u00a0\u00bbclassic\u00a0\u00bb rt_bg_image_repeat=\u00a0\u00bbrepeat\u00a0\u00bb rt_bg_size=\u00a0\u00bbauto auto\u00a0\u00bb rt_bg_position=\u00a0\u00bbright top\u00a0\u00bb rt_bg_attachment=\u00a0\u00bbscroll\u00a0\u00bb][vc_column_text]Notre soci\u00e9t\u00e9 a sa propre ligne de produits qui comprend:<\/p>\n<ul>\n<li><a href=\"https:\/\/www.sg-srl.com\/product-showcase\/kit-doccette-bidet\/\" target=\"_blank\" rel=\"noopener noreferrer\"><strong>kit de douche bidet<\/strong><\/a><\/li>\n<li><a href=\"https:\/\/www.sg-srl.com\/product-showcase\/kit-doccette-idroscopino\/\" target=\"_blank\" rel=\"noopener noreferrer\"><strong>kit de douche<\/strong><\/a><\/li>\n<li><a href=\"https:\/\/www.sg-srl.com\/product-showcase\/doccette-pulsante\/\" target=\"_blank\" rel=\"noopener noreferrer\"><strong>douche bouton<\/strong><\/a><\/li>\n<li><a href=\"https:\/\/www.sg-srl.com\/product-showcase\/sicuracqua-mixer\/\" target=\"_blank\" rel=\"noopener noreferrer\"><strong>m\u00e9langeurs pour douches<\/strong><\/a><\/li>\n<li><a href=\"https:\/\/www.sg-srl.com\/product-showcase\/accessori-doccia\/\" target=\"_blank\" rel=\"noopener noreferrer\"><strong>accessoires de douche (supports, robinets d\u2019angle, flexibles)<\/strong><\/a><\/li>\n<\/ul>\n<p>[\/vc_column_text][\/vc_column][\/vc_row][vc_row rt_row_background_width=\u00a0\u00bbfullwidth\u00a0\u00bb rt_row_content_width=\u00a0\u00bbdefault\u00a0\u00bb rt_row_style=\u00a0\u00bbdefault-style\u00a0\u00bb rt_row_height=\u00a0\u00bb\u00a0\u00bb rt_column_gaps=\u00a0\u00bb\u00a0\u00bb rt_row_shadows=\u00a0\u00bb\u00a0\u00bb rt_row_borders=\u00a0\u00bb\u00a0\u00bb rt_bg_effect=\u00a0\u00bbclassic\u00a0\u00bb rt_bg_image_repeat=\u00a0\u00bbrepeat\u00a0\u00bb rt_bg_size=\u00a0\u00bbcover\u00a0\u00bb rt_bg_position=\u00a0\u00bbright top\u00a0\u00bb rt_bg_attachment=\u00a0\u00bbscroll\u00a0\u00bb rt_bg_layer=\u00a0\u00bb\u00a0\u00bb rt_bg_video_format=\u00a0\u00bbself-hosted\u00a0\u00bb][vc_column rt_bg_effect=\u00a0\u00bbclassic\u00a0\u00bb rt_bg_image_repeat=\u00a0\u00bbrepeat\u00a0\u00bb rt_bg_size=\u00a0\u00bbauto auto\u00a0\u00bb rt_bg_position=\u00a0\u00bbright top\u00a0\u00bb rt_bg_attachment=\u00a0\u00bbscroll\u00a0\u00bb][vc_cta h2=\u00a0\u00bbSHUT-OFF, KIT DE DOUCHE, DOUCHETTES, ACCESSOIRES de douche et plus encore!\u00a0\u00bb color=\u00a0\u00bbblack\u00a0\u00bb add_button=\u00a0\u00bbbottom\u00a0\u00bb btn_title=\u00a0\u00bballer aux PRODUITS SG SOLUTIONS\u00a0\u00bb btn_color=\u00a0\u00bbblack\u00a0\u00bb btn_i_icon_fontawesome=\u00a0\u00bbfas fa-angle-double-right\u00a0\u00bb add_icon=\u00a0\u00bbleft\u00a0\u00bb i_icon_fontawesome=\u00a0\u00bbfas fa-exclamation-circle\u00a0\u00bb i_color=\u00a0\u00bbcustom\u00a0\u00bb css_animation=\u00a0\u00bbfadeInLeft\u00a0\u00bb btn_add_icon=\u00a0\u00bbtrue\u00a0\u00bb btn_link=\u00a0\u00bburl:https%3A%2F%2Fwww.sg-srl.com%2Fproduct-showcase%2Fsg-prodotti%2F|title:Produits%20SG%20Solutions|target:%20_blank|\u00a0\u00bb i_custom_color=\u00a0\u00bb#cc0000&Prime; css=\u00a0\u00bb.vc_custom_1652446399756{background-color: #00ecf4 !important;}\u00a0\u00bb]visitez notre site Web et d\u00e9couvrez tous les produits de la marque SG SOLUTIONS[\/vc_cta][\/vc_column][\/vc_row]<\/p>\n","protected":false},"excerpt":{"rendered":"<p>[vc_row rt_row_background_width=\u00a0\u00bbfullwidth\u00a0\u00bb rt_row_content_width=\u00a0\u00bbdefault\u00a0\u00bb rt_row_style=\u00a0\u00bbdefault-style\u00a0\u00bb rt_row_height=\u00a0\u00bb\u00a0\u00bb rt_column_gaps=\u00a0\u00bb\u00a0\u00bb rt_row_shadows=\u00a0\u00bb\u00a0\u00bb rt_row_borders=\u00a0\u00bb\u00a0\u00bb rt_bg_effect=\u00a0\u00bbclassic\u00a0\u00bb rt_bg_image_repeat=\u00a0\u00bbrepeat\u00a0\u00bb rt_bg_size=\u00a0\u00bbcover\u00a0\u00bb rt_bg_position=\u00a0\u00bbright top\u00a0\u00bb rt_bg_attachment=\u00a0\u00bbscroll\u00a0\u00bb rt_bg_layer=\u00a0\u00bb\u00a0\u00bb rt_bg_video_format=\u00a0\u00bbself-hosted\u00a0\u00bb][vc_column rt_bg_effect=\u00a0\u00bbclassic\u00a0\u00bb rt_bg_image_repeat=\u00a0\u00bbrepeat\u00a0\u00bb rt_bg_size=\u00a0\u00bbauto auto\u00a0\u00bb rt_bg_position=\u00a0\u00bbright top\u00a0\u00bb rt_bg_attachment=\u00a0\u00bbscroll\u00a0\u00bb][vc_column_text]Notre soci\u00e9t\u00e9 a sa propre ligne de produits qui comprend: kit de douche bidet kit de douche douche bouton m\u00e9langeurs pour douches accessoires de douche (supports, robinets d\u2019angle, flexibles) [\/vc_column_text][\/vc_column][\/vc_row][vc_row rt_row_background_width=\u00a0\u00bbfullwidth\u00a0\u00bb rt_row_content_width=\u00a0\u00bbdefault\u00a0\u00bb rt_row_style=\u00a0\u00bbdefault-style\u00a0\u00bb [&hellip;]<\/p>\n","protected":false},"author":1,"featured_media":0,"parent":0,"menu_order":0,"comment_status":"closed","ping_status":"closed","template":"","meta":{"footnotes":""},"class_list":["post-21868","page","type-page","status-publish","hentry"],"_links":{"self":[{"href":"https:\/\/www.sistemaingenius.it\/fr\/wp-json\/wp\/v2\/pages\/21868","targetHints":{"allow":["GET"]}}],"collection":[{"href":"https:\/\/www.sistemaingenius.it\/fr\/wp-json\/wp\/v2\/pages"}],"about":[{"href":"https:\/\/www.sistemaingenius.it\/fr\/wp-json\/wp\/v2\/types\/page"}],"author":[{"embeddable":true,"href":"https:\/\/www.sistemaingenius.it\/fr\/wp-json\/wp\/v2\/users\/1"}],"replies":[{"embeddable":true,"href":"https:\/\/www.sistemaingenius.it\/fr\/wp-json\/wp\/v2\/comments?post=21868"}],"version-history":[{"count":4,"href":"https:\/\/www.sistemaingenius.it\/fr\/wp-json\/wp\/v2\/pages\/21868\/revisions"}],"predecessor-version":[{"id":25031,"href":"https:\/\/www.sistemaingenius.it\/fr\/wp-json\/wp\/v2\/pages\/21868\/revisions\/25031"}],"wp:attachment":[{"href":"https:\/\/www.sistemaingenius.it\/fr\/wp-json\/wp\/v2\/media?parent=21868"}],"curies":[{"name":"wp","href":"https:\/\/api.w.org\/{rel}","templated":true}]}}