{"id":21717,"date":"2025-02-25T15:28:55","date_gmt":"2025-02-25T14:28:55","guid":{"rendered":"https:\/\/www.sistemaingenius.it\/faq\/"},"modified":"2026-02-04T11:01:44","modified_gmt":"2026-02-04T10:01:44","slug":"faq","status":"publish","type":"page","link":"https:\/\/www.sistemaingenius.it\/fr\/faq\/","title":{"rendered":"FAQ"},"content":{"rendered":"<p>[vc_row rt_row_background_width=\u00a0\u00bbfullwidth\u00a0\u00bb rt_row_content_width=\u00a0\u00bbdefault\u00a0\u00bb rt_row_style=\u00a0\u00bbdefault-style\u00a0\u00bb rt_row_height=\u00a0\u00bb\u00a0\u00bb rt_column_placement=\u00a0\u00bbmiddle\u00a0\u00bb rt_column_gaps=\u00a0\u00bb\u00a0\u00bb rt_row_shadows=\u00a0\u00bb\u00a0\u00bb rt_row_borders=\u00a0\u00bb\u00a0\u00bb rt_bg_effect=\u00a0\u00bbclassic\u00a0\u00bb rt_bg_image_repeat=\u00a0\u00bbno-repeat\u00a0\u00bb rt_bg_size=\u00a0\u00bbauto auto\u00a0\u00bb rt_bg_position=\u00a0\u00bbcenter center\u00a0\u00bb rt_bg_attachment=\u00a0\u00bbscroll\u00a0\u00bb rt_bg_layer=\u00a0\u00bb\u00a0\u00bb rt_bg_video_format=\u00a0\u00bbself-hosted\u00a0\u00bb rt_class=\u00a0\u00bbrt-1610906&Prime; rt_paddings=\u00a0\u00bb80px,80px,,\u00a0\u00bb rt_margins=\u00a0\u00bb,,,\u00a0\u00bb rt_content_margins=\u00a0\u00bb,,,\u00a0\u00bb rt_tablet_paddings=\u00a0\u00bb,,,\u00a0\u00bb rt_tablet_margins=\u00a0\u00bb,,,\u00a0\u00bb rt_tablet_content_margins=\u00a0\u00bb,,,\u00a0\u00bb rt_sp_paddings=\u00a0\u00bb,,,\u00a0\u00bb rt_sp_margins=\u00a0\u00bb,,,\u00a0\u00bb rt_sp_content_margins=\u00a0\u00bb,,,\u00a0\u00bb][vc_column rt_bg_effect=\u00a0\u00bbclassic\u00a0\u00bb rt_bg_image_repeat=\u00a0\u00bbrepeat\u00a0\u00bb rt_bg_size=\u00a0\u00bbauto auto\u00a0\u00bb rt_bg_position=\u00a0\u00bbright top\u00a0\u00bb rt_bg_attachment=\u00a0\u00bbscroll\u00a0\u00bb]<div class=\"rt-heading-wrapper mobile-text-center rt-9701916\">\n\t\t\t\t\t\t<h5 class=\"rt-heading primary-color\" >Quelques questions qui nous sont souvent pos\u00e9es<\/h5>\n\t\t\t\t\t<\/div><div  class=\"rt-toggle  icons\"><ol><li  class=\"\"><div class=\"toggle-head\"><div class=\"toggle-title\"><span class=\"icon-help-circled\"><\/span>Sommes-nous s\u00fbrs que vos produits sont vraiment 100% MADE IN ITALY?<\/div><\/div><div class=\"toggle-content\"><p>Oui absolument! Tous les articles sont de notre production, tandis que les mati\u00e8res premi\u00e8res utilis\u00e9es sont toutes achet\u00e9es sur le territoire national. <\/p>\n<\/div><\/li><li  class=\"\"><div class=\"toggle-head\"><div class=\"toggle-title\"><span class=\"icon-help-circled\"><\/span>O\u00f9 puis-je trouver vos produits?<\/div><\/div><div class=\"toggle-content\"><p>Nous avons plus de 350 points de vente en Italie, nous vous recommandons de visiter la section du <a href=\"http:\/\/test.sistemaingenius.it\/rete-commerciale\/\">r\u00e9seau commercial<\/a> pour trouver celui qui est le plus proche de vous. <\/p>\n<\/div><\/li><li  class=\"\"><div class=\"toggle-head\"><div class=\"toggle-title\"><span class=\"icon-help-circled\"><\/span>Vous ne faites que du laiton?<\/div><\/div><div class=\"toggle-content\"><p>Nous ne travaillons pas seulement le laiton mais nous avons des machines \u00e0 l\u2019avant-garde pour travailler aussi les mat\u00e9riaux comme l\u2019aluminium et l\u2019acier inoxydable \u00e0 partir de tubes, barres solides \u00e9tir\u00e9s et profil\u00e9s.<\/p>\n<\/div><\/li><li  class=\"\"><div class=\"toggle-head\"><div class=\"toggle-title\"><span class=\"icon-help-circled\"><\/span>Pourquoi devrais-je utiliser votre valve INGENIUS?<\/div><\/div><div class=\"toggle-content\"><p>Les avantages sont innombrables:<\/p>\n<ul>\n<li>possibilit\u00e9 de fermer instantan\u00e9ment l\u2019eau seulement \u00e0 ce point sans devoir fermer toute l\u2019installation<\/li>\n<li>possibilit\u00e9 de plusieurs utilisations pour le m\u00eame point d\u2019eau<\/li>\n<li>r\u00e9duction drastique du temps d\u2019installation<\/li>\n<li>Essai de l\u2019installation extr\u00eamement rapide<\/li>\n<\/ul>\n<\/div><\/li><li  class=\"\"><div class=\"toggle-head\"><div class=\"toggle-title\"><span class=\"icon-help-circled\"><\/span>J\u2019ai d\u00e9j\u00e0 un robinet sur le collecteur pour chaque point d\u2019eau. Est-ce que j\u2019ai encore des avantages \u00e0 utiliser INGENIUS?<\/div><\/div><div class=\"toggle-content\"><p>Certainement. Lors de la construction de l\u2019installation, en effet, m\u00eame si vous avez un collecteur, il est n\u00e9cessaire de mettre les bouchons sur chaque point d\u2019eau pour pouvoir faire les tests; en utilisant les vannes INGENIUS, au contraire, il n\u2019est pas n\u00e9cessaire d\u2019utiliser les bouchons. En outre, l\u2019utilisation d\u2019INGENIUS permet d\u2019\u00e9viter les probl\u00e8mes de connexion avec des vis doubles et de montrer au client qu\u2019il utilise des composants de qualit\u00e9. <\/p>\n<\/div><\/li><li  class=\"\"><div class=\"toggle-head\"><div class=\"toggle-title\"><span class=\"icon-help-circled\"><\/span>Je n\u2019utilise pas les filtres, avec l\u2019eau qu\u2019il y a chez nous ils s\u2019encrassent continuellement.<\/div><\/div><div class=\"toggle-content\"><p>INGENIUS offre une gamme compl\u00e8te de raccords, les principaux sont illustr\u00e9s dans la brochure. Il existe en effet aussi des \u00ab\u00a0cintres\u00a0\u00bb simples sans filtre. Vous pouvez toujours prendre le kit de salle de bain en profitant de la promo et \u00e9conomiser, puis demander s\u00e9par\u00e9ment les courbes. La valve est toujours la m\u00eame, vous pouvez donc utiliser le greffon de votre choix. <\/p>\n<\/div><\/li><li  class=\"\"><div class=\"toggle-head\"><div class=\"toggle-title\"><span class=\"icon-help-circled\"><\/span>J\u2019utilise les autres robinets sous lavabo, avec ou sans filtre. Quels sont les avantages d\u2019utiliser INGENIUS?<\/div><\/div><div class=\"toggle-content\"><p>INGENIUS est une alternative de meilleure qualit\u00e9 que la plupart des robinets de filtre. En fait, beaucoup ont des composants en plastique, ils ne sont pas fabriqu\u00e9s en Italie \u00e0 100%, ils sont moins esth\u00e9tiques et moins robustes. Malgr\u00e9 tous ces avantages, le prix d\u2019INGENIUS est \u00e0 peu pr\u00e8s le m\u00eame que celui des autres robinets. De plus, en cas de besoin d\u2019entretien, les temps d\u2019intervention avec INGENIUS sont r\u00e9duits gr\u00e2ce au m\u00e9canisme de raccordement rapide. <\/p>\n<\/div><\/li><li  class=\"\"><div class=\"toggle-head\"><div class=\"toggle-title\"><span class=\"icon-help-circled\"><\/span>Dans les bidets muraux et suspendus, les robinets sont inutiles. Pourquoi utiliser INGENIUS au lieu d\u2019une double vis?<\/div><\/div><div class=\"toggle-content\"><p>Dans les bidets suspendus et muraux, il peut \u00eatre difficile d\u2019utiliser la connexion avec des vis doubles, en raison de l\u2019espace \u00e9troit et de la faible hauteur des points d\u2019eau. Avec INGENIUS, le flexible peut \u00eatre connect\u00e9 sans probl\u00e8me \u00e0 la prise et la connexion de la prise devient imm\u00e9diate. <\/p>\n<\/div><\/li><\/ol><\/div>[\/vc_column][\/vc_row][vc_row rt_row_background_width=\u00a0\u00bbfullwidth\u00a0\u00bb rt_row_content_width=\u00a0\u00bbdefault\u00a0\u00bb rt_row_style=\u00a0\u00bbdefault-style\u00a0\u00bb rt_row_height=\u00a0\u00bb\u00a0\u00bb rt_column_placement=\u00a0\u00bbmiddle\u00a0\u00bb rt_column_gaps=\u00a0\u00bb\u00a0\u00bb rt_row_shadows=\u00a0\u00bb\u00a0\u00bb rt_row_borders=\u00a0\u00bb\u00a0\u00bb rt_bg_effect=\u00a0\u00bbclassic\u00a0\u00bb rt_bg_image_repeat=\u00a0\u00bbno-repeat\u00a0\u00bb rt_bg_size=\u00a0\u00bbauto auto\u00a0\u00bb rt_bg_position=\u00a0\u00bbcenter bottom\u00a0\u00bb rt_bg_attachment=\u00a0\u00bbscroll\u00a0\u00bb rt_bg_layer=\u00a0\u00bb\u00a0\u00bb rt_bg_video_format=\u00a0\u00bbself-hosted\u00a0\u00bb rt_class=\u00a0\u00bbrt-8031007&Prime; rt_paddings=\u00a0\u00bb40px,40px,,\u00a0\u00bb rt_margins=\u00a0\u00bb,,,\u00a0\u00bb rt_content_margins=\u00a0\u00bb,,,\u00a0\u00bb rt_tablet_paddings=\u00a0\u00bb,,,\u00a0\u00bb rt_tablet_margins=\u00a0\u00bb,,,\u00a0\u00bb rt_tablet_content_margins=\u00a0\u00bb,,,\u00a0\u00bb rt_sp_paddings=\u00a0\u00bb,,,\u00a0\u00bb rt_sp_margins=\u00a0\u00bb,,,\u00a0\u00bb rt_sp_content_margins=\u00a0\u00bb,,,\u00a0\u00bb][vc_column width=\u00a0\u00bb2\/3&Prime; tablet_align=\u00a0\u00bbcenter\u00a0\u00bb mobile_align=\u00a0\u00bbcenter\u00a0\u00bb rt_bg_effect=\u00a0\u00bbclassic\u00a0\u00bb rt_bg_image_repeat=\u00a0\u00bbrepeat\u00a0\u00bb rt_bg_size=\u00a0\u00bbauto auto\u00a0\u00bb rt_bg_position=\u00a0\u00bbright top\u00a0\u00bb rt_bg_attachment=\u00a0\u00bbscroll\u00a0\u00bb rt_class=\u00a0\u00bbrt-7966690&Prime; rt_margins=\u00a0\u00bb,\u00a0\u00bb rt_paddings=\u00a0\u00bb20,20,,\u00a0\u00bb rt_wrapper_paddings=\u00a0\u00bb,,,\u00a0\u00bb rt_tablet_margins=\u00a0\u00bb,\u00a0\u00bb rt_tablet_paddings=\u00a0\u00bb,,,\u00a0\u00bb rt_tablet_wrapper_paddings=\u00a0\u00bb,,,\u00a0\u00bb rt_sp_margins=\u00a0\u00bb,\u00a0\u00bb rt_sp_paddings=\u00a0\u00bb,,,\u00a0\u00bb rt_sp_wrapper_paddings=\u00a0\u00bb,,,\u00a0\u00bb rt_bg_color=\u00a0\u00bb\u00a0\u00bb rt_bg_overlay_color=\u00a0\u00bb\u00a0\u00bb]<div class=\"rt-heading-wrapper style-2 rt-6489520\">\n\t\t\t\t\t\t<h4 class=\"rt-heading style-2\" >Vous avez d\u2019autres questions ?<\/h4>\n\t\t\t\t\t<\/div>[\/vc_column][vc_column width=\u00a0\u00bb1\/3&Prime; text_align=\u00a0\u00bbright\u00a0\u00bb tablet_align=\u00a0\u00bbcenter\u00a0\u00bb mobile_align=\u00a0\u00bbcenter\u00a0\u00bb rt_bg_effect=\u00a0\u00bbclassic\u00a0\u00bb rt_bg_image_repeat=\u00a0\u00bbrepeat\u00a0\u00bb rt_bg_size=\u00a0\u00bbauto auto\u00a0\u00bb rt_bg_position=\u00a0\u00bbright top\u00a0\u00bb rt_bg_attachment=\u00a0\u00bbscroll\u00a0\u00bb rt_class=\u00a0\u00bbrt-8821647&Prime; rt_margins=\u00a0\u00bb,\u00a0\u00bb rt_paddings=\u00a0\u00bb20,20,,\u00a0\u00bb rt_wrapper_paddings=\u00a0\u00bb,,,\u00a0\u00bb rt_tablet_margins=\u00a0\u00bb,\u00a0\u00bb rt_tablet_paddings=\u00a0\u00bb,,,\u00a0\u00bb rt_tablet_wrapper_paddings=\u00a0\u00bb,,,\u00a0\u00bb rt_sp_margins=\u00a0\u00bb,\u00a0\u00bb rt_sp_paddings=\u00a0\u00bb,,,\u00a0\u00bb rt_sp_wrapper_paddings=\u00a0\u00bb,,,\u00a0\u00bb rt_bg_color=\u00a0\u00bb\u00a0\u00bb rt_bg_overlay_color=\u00a0\u00bb\u00a0\u00bb]<div class=\"button_wrapper  arrow rounded\"><a href=\"mailto: marketing@sistemaingenius.it\" target=\"_self\" title=\"Contacter imm\u00e9diatement\" class=\"button_  heading-font black medium rt-7533835\"><span><span>Contacter imm\u00e9diatement<\/span><\/span><\/a><\/div>[\/vc_column][\/vc_row]<\/p>\n","protected":false},"excerpt":{"rendered":"<p>[vc_row rt_row_background_width=\u00a0\u00bbfullwidth\u00a0\u00bb rt_row_content_width=\u00a0\u00bbdefault\u00a0\u00bb rt_row_style=\u00a0\u00bbdefault-style\u00a0\u00bb rt_row_height=\u00a0\u00bb\u00a0\u00bb rt_column_placement=\u00a0\u00bbmiddle\u00a0\u00bb rt_column_gaps=\u00a0\u00bb\u00a0\u00bb rt_row_shadows=\u00a0\u00bb\u00a0\u00bb rt_row_borders=\u00a0\u00bb\u00a0\u00bb rt_bg_effect=\u00a0\u00bbclassic\u00a0\u00bb rt_bg_image_repeat=\u00a0\u00bbno-repeat\u00a0\u00bb rt_bg_size=\u00a0\u00bbauto auto\u00a0\u00bb rt_bg_position=\u00a0\u00bbcenter center\u00a0\u00bb rt_bg_attachment=\u00a0\u00bbscroll\u00a0\u00bb rt_bg_layer=\u00a0\u00bb\u00a0\u00bb rt_bg_video_format=\u00a0\u00bbself-hosted\u00a0\u00bb rt_class=\u00a0\u00bbrt-1610906&Prime; rt_paddings=\u00a0\u00bb80px,80px,,\u00a0\u00bb rt_margins=\u00a0\u00bb,,,\u00a0\u00bb rt_content_margins=\u00a0\u00bb,,,\u00a0\u00bb rt_tablet_paddings=\u00a0\u00bb,,,\u00a0\u00bb rt_tablet_margins=\u00a0\u00bb,,,\u00a0\u00bb rt_tablet_content_margins=\u00a0\u00bb,,,\u00a0\u00bb rt_sp_paddings=\u00a0\u00bb,,,\u00a0\u00bb rt_sp_margins=\u00a0\u00bb,,,\u00a0\u00bb rt_sp_content_margins=\u00a0\u00bb,,,\u00a0\u00bb][vc_column rt_bg_effect=\u00a0\u00bbclassic\u00a0\u00bb rt_bg_image_repeat=\u00a0\u00bbrepeat\u00a0\u00bb rt_bg_size=\u00a0\u00bbauto auto\u00a0\u00bb rt_bg_position=\u00a0\u00bbright top\u00a0\u00bb rt_bg_attachment=\u00a0\u00bbscroll\u00a0\u00bb][\/vc_column][\/vc_row][vc_row rt_row_background_width=\u00a0\u00bbfullwidth\u00a0\u00bb rt_row_content_width=\u00a0\u00bbdefault\u00a0\u00bb rt_row_style=\u00a0\u00bbdefault-style\u00a0\u00bb rt_row_height=\u00a0\u00bb\u00a0\u00bb rt_column_placement=\u00a0\u00bbmiddle\u00a0\u00bb rt_column_gaps=\u00a0\u00bb\u00a0\u00bb rt_row_shadows=\u00a0\u00bb\u00a0\u00bb rt_row_borders=\u00a0\u00bb\u00a0\u00bb rt_bg_effect=\u00a0\u00bbclassic\u00a0\u00bb rt_bg_image_repeat=\u00a0\u00bbno-repeat\u00a0\u00bb rt_bg_size=\u00a0\u00bbauto auto\u00a0\u00bb rt_bg_position=\u00a0\u00bbcenter bottom\u00a0\u00bb rt_bg_attachment=\u00a0\u00bbscroll\u00a0\u00bb rt_bg_layer=\u00a0\u00bb\u00a0\u00bb rt_bg_video_format=\u00a0\u00bbself-hosted\u00a0\u00bb rt_class=\u00a0\u00bbrt-8031007&Prime; rt_paddings=\u00a0\u00bb40px,40px,,\u00a0\u00bb rt_margins=\u00a0\u00bb,,,\u00a0\u00bb [&hellip;]<\/p>\n","protected":false},"author":1,"featured_media":0,"parent":0,"menu_order":0,"comment_status":"closed","ping_status":"closed","template":"","meta":{"footnotes":""},"class_list":["post-21717","page","type-page","status-publish","hentry"],"_links":{"self":[{"href":"https:\/\/www.sistemaingenius.it\/fr\/wp-json\/wp\/v2\/pages\/21717","targetHints":{"allow":["GET"]}}],"collection":[{"href":"https:\/\/www.sistemaingenius.it\/fr\/wp-json\/wp\/v2\/pages"}],"about":[{"href":"https:\/\/www.sistemaingenius.it\/fr\/wp-json\/wp\/v2\/types\/page"}],"author":[{"embeddable":true,"href":"https:\/\/www.sistemaingenius.it\/fr\/wp-json\/wp\/v2\/users\/1"}],"replies":[{"embeddable":true,"href":"https:\/\/www.sistemaingenius.it\/fr\/wp-json\/wp\/v2\/comments?post=21717"}],"version-history":[{"count":4,"href":"https:\/\/www.sistemaingenius.it\/fr\/wp-json\/wp\/v2\/pages\/21717\/revisions"}],"predecessor-version":[{"id":22453,"href":"https:\/\/www.sistemaingenius.it\/fr\/wp-json\/wp\/v2\/pages\/21717\/revisions\/22453"}],"wp:attachment":[{"href":"https:\/\/www.sistemaingenius.it\/fr\/wp-json\/wp\/v2\/media?parent=21717"}],"curies":[{"name":"wp","href":"https:\/\/api.w.org\/{rel}","templated":true}]}}