{"id":11778,"date":"2020-06-05T10:02:38","date_gmt":"2020-06-05T08:02:38","guid":{"rendered":"https:\/\/www.sistemaingenius.it\/cookie-policy\/"},"modified":"2026-02-04T11:31:53","modified_gmt":"2026-02-04T10:31:53","slug":"cookie-policy","status":"publish","type":"page","link":"https:\/\/www.sistemaingenius.it\/fr\/cookie-policy\/","title":{"rendered":"Cookie Policy"},"content":{"rendered":"\t\t<div data-elementor-type=\"wp-page\" data-elementor-id=\"11778\" class=\"elementor elementor-11778 elementor-8566\">\n\t\t\t\t\t\t<section class=\"elementor-section elementor-top-section elementor-element elementor-element-ddddead elementor-section-boxed elementor-section-height-default elementor-section-height-default default-style\" data-id=\"ddddead\" data-element_type=\"section\" data-settings=\"{&quot;rt_color_sets&quot;:&quot;default-style&quot;}\">\n\t\t\t\t\t\t<div class=\"elementor-container elementor-column-gap-default\">\n\t\t\t\t\t<div class=\"elementor-column elementor-col-100 elementor-top-column elementor-element elementor-element-2721439\" data-id=\"2721439\" data-element_type=\"column\">\n\t\t\t<div class=\"elementor-widget-wrap elementor-element-populated\">\n\t\t\t\t\t\t<div class=\"elementor-element elementor-element-52d0050 elementor-widget elementor-widget-spacer\" data-id=\"52d0050\" data-element_type=\"widget\" data-widget_type=\"spacer.default\">\n\t\t\t\t<div class=\"elementor-widget-container\">\n\t\t\t\t\t\t\t<div class=\"elementor-spacer\">\n\t\t\t<div class=\"elementor-spacer-inner\"><\/div>\n\t\t<\/div>\n\t\t\t\t\t\t<\/div>\n\t\t\t\t<\/div>\n\t\t\t\t\t<\/div>\n\t\t<\/div>\n\t\t\t\t\t<\/div>\n\t\t<\/section>\n\t\t\t\t<section class=\"elementor-section elementor-top-section elementor-element elementor-element-7930842 elementor-section-boxed elementor-section-height-default elementor-section-height-default default-style\" data-id=\"7930842\" data-element_type=\"section\" data-settings=\"{&quot;rt_color_sets&quot;:&quot;default-style&quot;}\">\n\t\t\t\t\t\t<div class=\"elementor-container elementor-column-gap-default\">\n\t\t\t\t\t<div class=\"elementor-column elementor-col-100 elementor-top-column elementor-element elementor-element-7cee2249\" data-id=\"7cee2249\" data-element_type=\"column\">\n\t\t\t<div class=\"elementor-widget-wrap elementor-element-populated\">\n\t\t\t\t\t\t<div class=\"elementor-element elementor-element-7a326749 elementor-widget elementor-widget-text-editor\" data-id=\"7a326749\" data-element_type=\"widget\" data-widget_type=\"text-editor.default\">\n\t\t\t\t<div class=\"elementor-widget-container\">\n\t\t\t\t\t\t\t\t\t\n<h2><strong>INFORMATIONS D\u00c9TAILL\u00c9ES<\/strong><strong> SUR L\u2019UTILISATION DES COOKIES ET CONSENTEMENT \u00c0 LEUR UTILISATION<\/strong><\/h2>\n\n<h3><strong>a) Qu\u2019est-ce que les cookies<\/strong><\/h3>\n\n<p>Les \u00ab\u00a0cookies\u00a0\u00bb sont de petits fichiers texte qui sont install\u00e9s sur le terminal de l\u2019utilisateur (ordinateur, smartphone, tablette ou tout autre outil utilis\u00e9 pour acc\u00e9der \u00e0 Internet) au moment o\u00f9 il se connecte \u00e0 un site donn\u00e9. Les cookies sont envoy\u00e9s par un serveur Web (qui est l\u2019ordinateur sur lequel le site Web visit\u00e9 est ex\u00e9cut\u00e9) au navigateur de l\u2019utilisateur (par exemple Internet Explorer, Safari, etc.) et stock\u00e9s sur l\u2019ordinateur de ce dernier ; sont ensuite renvoy\u00e9s sur le site Web lors de l\u2019acc\u00e8s ult\u00e9rieur. <\/p>\n\n<p>Ils sont utilis\u00e9s dans le but d\u2019am\u00e9liorer la navigation, enregistrer des pr\u00e9f\u00e9rences d\u00e9j\u00e0 saisies par l\u2019utilisateur, suivre les go\u00fbts et pr\u00e9f\u00e9rences des utilisateurs d\u2019un site en permettant d\u2019int\u00e9grer l\u2019\u00e9cran avec des initiatives de marketing ou la fourniture de services li\u00e9s \u00e0 l\u2019activit\u00e9 du Titulaire.<\/p>\n\n<p>Dans le cas o\u00f9 des restrictions seraient impos\u00e9es \u00e0 l\u2019utilisation des cookies, il en r\u00e9sulterait une utilisation incompl\u00e8te des services offerts par l\u2019application web lors de la consultation de la page.<\/p>\n\n<h3><strong>b) Types de cookies<\/strong><\/h3>\n\n<h4><strong><em>Cookies techniques<\/em><\/strong><\/h4>\n\n<p>Les Cookies techniques sont utilis\u00e9s afin d\u2019effectuer la transmission d\u2019une communication sur un r\u00e9seau de communication \u00e9lectronique ou dans la mesure strictement n\u00e9cessaire au fournisseur d\u2019un service de la soci\u00e9t\u00e9 de l\u2019information explicitement demand\u00e9 par le contractant ou par l\u2019utilisateur \u00e0 fournir ce service.<br>Ils ne sont pas utilis\u00e9s \u00e0 d\u2019autres fins et sont normalement install\u00e9s directement par le propri\u00e9taire du site web. Ils peuvent \u00eatre divis\u00e9s en cookies de \u00ab\u00a0navigation\u00a0\u00bb ou \u00ab\u00a0session\u00a0\u00bb, qui garantissent la navigation normale et l\u2019utilisation du site web (permettant, par exemple, de r\u00e9aliser un achat ou d\u2019acc\u00e9der \u00e0 des zones r\u00e9serv\u00e9es); Cookies \u00ab\u00a0analytics\u00a0\u00bb, assimil\u00e9s \u00e0 des cookies techniques lorsqu\u2019ils sont utilis\u00e9s directement par le propri\u00e9taire du site pour collecter des informations sur l\u2019utilisation du site, le nombre d\u2019acc\u00e8s au site et le mode de navigation; Cookies de fonctionnalit\u00e9 qui permettent \u00e0 l\u2019utilisateur de naviguer en fonction d\u2019une s\u00e9rie de crit\u00e8res s\u00e9lectionn\u00e9s (par exemple, la langue, les produits s\u00e9lectionn\u00e9s pour l\u2019achat) afin d\u2019am\u00e9liorer le service rendu au m\u00eame. <br>Pour l\u2019installation de ces cookies, le consentement pr\u00e9alable des utilisateurs n\u2019est pas requis, mais l\u2019obligation de fournir les informations conform\u00e9ment \u00e0 l\u2019art. 13 du Code par le Propri\u00e9taire du site <\/p>\n\n<p><strong>PHPSESSID<\/strong> = Cookie de session qui permet la bonne navigation sur le site. Il expire d\u00e8s que l\u2019utilisateur quitte le site. <br><strong>Cookie_id<\/strong> = Cookie utilis\u00e9 pour se souvenir des sessions pr\u00e9c\u00e9dentes si l\u2019utilisateur s\u2019est d\u00e9j\u00e0 connect\u00e9. Expiration : 1 an. <br><strong>Ingenius<\/strong> = Cookie qui prend en compte les produits affich\u00e9s sur le site. D\u00e9lai : 4 jours. <br><strong>Langue<\/strong> = Cookie utilis\u00e9 pour m\u00e9moriser la langue utilis\u00e9e par l\u2019utilisateur. Expiration:1 an <br><strong>PrivacyCookie<\/strong> = Cookie pour la prise en compte de la politique des cookies du site. D\u00e9lai 15 jours. <br><strong>__atssc<\/strong> = Cookie utilis\u00e9 par le syst\u00e8me de partage \u00ab\u00a0AddThis\u00a0\u00bb. Dur\u00e9e persistante <br><strong>__atuvc<\/strong> = Cookie utilis\u00e9 par le syst\u00e8me de partage \u00ab\u00a0AddThis\u00a0\u00bb. Dur\u00e9e persistante <\/p>\n\n<h4><strong><em>Cookies de profilage<\/em><\/strong><\/h4>\n\n<p>Ces cookies ont pour but de cr\u00e9er des profils relatifs \u00e0 l\u2019utilisateur et sont utilis\u00e9s afin d\u2019envoyer des messages publicitaires en ligne avec les pr\u00e9f\u00e9rences manifest\u00e9es par celui-ci dans le cadre de la navigation sur le r\u00e9seau. En raison de l\u2019invasion particuli\u00e8re que ces dispositifs peuvent avoir dans la sph\u00e8re priv\u00e9e des utilisateurs, la l\u00e9gislation europ\u00e9enne et italienne pr\u00e9voit que l\u2019utilisateur doit \u00eatre correctement inform\u00e9 sur leur utilisation et exprimer ainsi son consentement valable.<br>Ils sont vis\u00e9s par l\u2019art. 122 du Code lorsqu\u2019il pr\u00e9voit que \u00ab\u00a0le stockage des informations sur l\u2019appareil terminal d\u2019un contractant ou d\u2019un utilisateur ou l\u2019acc\u00e8s aux informations d\u00e9j\u00e0 stock\u00e9es ne sont autoris\u00e9s qu\u2019\u00e0 la condition que le contractant ou l\u2019utilisateur ait donn\u00e9 son consentement apr\u00e8s avoir \u00e9t\u00e9 inform\u00e9 par les moyens suivants simplifi\u00e9es vis\u00e9es \u00e0 l\u2019article 13, paragraphe 3\u00a0\u00bb.  <\/p>\n\n<h4><strong><em>Cookies tiers<\/em><\/strong><\/h4>\n\n<p>\u00c0 la diff\u00e9rence des Cookies de premi\u00e8re partie, qui ne sont r\u00e9f\u00e9renc\u00e9s que sur le site web consult\u00e9, les Cookies de tiers permettent \u00e0 ces derniers de collecter des informations depuis les terminaux de navigation qui visitent la page. Le navigateur collecte des informations provenant de diff\u00e9rentes sources afin que tous les \u00e9l\u00e9ments soient affich\u00e9s sur la m\u00eame page, cr\u00e9ant ainsi un cookie dans le dossier du navigateur correspondant.<br>Ces cookies peuvent \u00eatre supprim\u00e9s directement \u00e0 partir des param\u00e8tres de votre navigateur, ou vous pouvez bloquer leur cr\u00e9ation. Dans ce dernier cas, le bon fonctionnement du site peut ne pas \u00eatre garanti.  <\/p>\n\n<h4><strong><em>Google Analytics<\/em><\/strong><\/h4>\n\n<p>Le service Google Analytics analyse de mani\u00e8re anonyme l\u2019utilisation du site par les utilisateurs. Il s\u2019agit d\u2019un service d\u2019analyse Web fourni par Google Inc. qui utilise des cookies propri\u00e9taires pour permettre au site Web d\u2019analyser la fa\u00e7on dont les utilisateurs utilisent le site. Les informations g\u00e9n\u00e9r\u00e9es par le cookie sur l\u2019utilisation du site web seront transmises et stock\u00e9es sur les serveurs de Google (qui agit en tant que propri\u00e9taire autonome du traitement).   <br>Google utilisera ces informations dans le but de suivre et d\u2019examiner l\u2019utilisation du site, de compiler des rapports sur les activit\u00e9s du site pour les op\u00e9rateurs du site et de fournir d\u2019autres services li\u00e9s aux activit\u00e9s du site et \u00e0 l\u2019utilisation d\u2019Internet.<br>Google peut \u00e9galement transf\u00e9rer ces informations \u00e0 des tiers lorsque cela est requis par la loi ou lorsque ces tiers traitent les informations en question pour le compte de Google.<br>Google n\u2019associera pas votre adresse IP \u00e0 d\u2019autres donn\u00e9es d\u00e9tenues par Google.<br>Pour consulter la politique de confidentialit\u00e9 de la soci\u00e9t\u00e9 Google, relative au service Google Analytics, veuillez visiter le site Internet http:\/\/www.google.com\/intl\/en\/analytics\/privacyoverview.html.<br>Pour conna\u00eetre la politique de confidentialit\u00e9 de Google, nous vous invitons \u00e0 visiter le site Internet<br><a href=\"http:\/\/www.google.com\/intl\/it\/policies\/privacy\/\" target=\"_blank\" rel=\"noreferrer noopener\">http:\/\/www.google.com\/intl\/it\/policies\/privacy\/<\/a>.<br><strong>_ga<\/strong> = Cookie utilis\u00e9 pour le suivi anonyme des acc\u00e8s<br><strong>_gid<\/strong> = Cookie utilis\u00e9 pour l\u2019identification de la session. Expiration:1 jour <\/p>\n\n<h4><strong><em>Social Plugin<\/em><\/strong><\/h4>\n\n<p>L\u2019utilisation la plus courante des plugins sociaux est le partage de contenu sur les r\u00e9seaux sociaux. La gestion des informations collect\u00e9es par les tiers est r\u00e9gie par leurs propres politiques.<br>Pour garantir une plus grande transparence et commodit\u00e9, nous indiquons les adresses Internet des diff\u00e9rentes informations et modalit\u00e9s de gestion des cookies: <\/p>\n\n<ul>\n<li>Facebook: https:\/\/www.facebook.com\/help\/cookies\/<\/li>\n<li>Twitter: <a href=\"https:\/\/support.twitter.com\/articles\/20170514\" target=\"_blank\" rel=\"noreferrer noopener\">https:\/\/support.twitter.com\/articles\/20170514<\/a><\/li>\n<li>Google+: <a href=\"http:\/\/www.google.it\/intl\/it\/policies\/technologies\/cookies\/\" target=\"_blank\" rel=\"noreferrer noopener\">http:\/\/www.google.it\/intl\/it\/policies\/technologies\/cookies\/<\/a><\/li>\n<li>Linkedin: https:\/\/www.linkedin.com\/legal\/privacy-policy<\/li>\n<\/ul>\n\n<h3><strong>c) Cookies utilis\u00e9s par le site<\/strong><\/h3>\n\n<p>Ce site utilise les cookies suivants :<\/p>\n\n<ul>\n<li><strong>Cookies de navigation <\/strong>: ils ne sont pas stock\u00e9s de mani\u00e8re persistante sur l\u2019ordinateur de l\u2019utilisateur, disparaissent avec la fermeture du navigateur et sont con\u00e7us uniquement pour l\u2019exploration s\u00fbre et efficace du site, ne permettant pas l\u2019acquisition de donn\u00e9es personnelles;<\/li>\n<li><strong>Cookies de fonctionnalit\u00e9<\/strong> : ils adaptent la pr\u00e9sentation du site aux pr\u00e9f\u00e9rences d\u2019affichage de l\u2019ordinateur<\/li>\n<li><strong>Cookies de suivi<\/strong> :<br><strong>__ga<\/strong> = Google analytics utilis\u00e9 pour distinguer les utilisateurs uniques<br><strong>__gat <\/strong>= google analytics utilis\u00e9 pour limiter la fr\u00e9quence des demandes.<br><strong>__utma<\/strong> = Il est utilis\u00e9 pour distinguer l\u2019utilisateur de la session. Le cookie est cr\u00e9\u00e9 lorsque la biblioth\u00e8que javascript est ex\u00e9cut\u00e9e et que le cookie __utma n\u2019existe pas encore. Le cookie est mis \u00e0 jour chaque fois que des donn\u00e9es sont envoy\u00e9es \u00e0 Google Analytics.  <br><strong>__utmz<\/strong> : Il est utilis\u00e9 pour stocker la source de trafic ou la campagne afin de comprendre comment l\u2019utilisateur a atteint le site. Le cookie est cr\u00e9\u00e9 lorsque la biblioth\u00e8que javascript est ex\u00e9cut\u00e9e et est mis \u00e0 jour chaque fois que des donn\u00e9es sont envoy\u00e9es \u00e0 Google Analytics. <\/li>\n<li><strong>Cookies de tiers<\/strong> :<br>Facebook: https:\/\/www.facebook.com\/help\/cookies\/<\/li>\n<\/ul>\n\n<ul>\n<li>YouTube<br><strong>GEUP<\/strong> : Cookie persistant. Expiration : 2 ans. <br><strong>PREF<\/strong> : Cookie persistant. Expiration : 8 mois. <br><strong>VISITOR_INFO1_LIVE<\/strong> : Cookie persistant. Expiration : 8 mois. <br><strong>YSC<\/strong> : Collecte des statistiques anonymes sur les vid\u00e9os int\u00e9gr\u00e9es de YouTube et \u00e9value la performance des vid\u00e9os int\u00e9gr\u00e9es sur notre site. Date limite : \u00c0 la fin de la session <\/li>\n<\/ul>\n\n<ul>\n<li>Addthis <br><strong>__atuvs<\/strong> : Cookie qui permet d\u2019afficher un compteur mis \u00e0 jour lorsque la page est partag\u00e9e sur un service de partage social. Date limite : Fin de la session. <br><strong>__atuvc<\/strong> : Ce cookie est associ\u00e9 au widget de partage social AddThis qui est g\u00e9n\u00e9ralement int\u00e9gr\u00e9 dans les sites Web pour permettre aux utilisateurs de partager du contenu avec un certain nombre de plateformes de r\u00e9seautage et de partage. M\u00e9morise une version mise \u00e0 jour du nombre de pages partag\u00e9es. Expiration : 2 ans.  <br><strong>xtc : <\/strong>Utilis\u00e9 pour enregistrer le partage des utilisateurs et de l\u2019activit\u00e9 sociale. Expiration : 2 ans. <br><strong>uid <\/strong>: Fournit un ID unique au visiteur. Expiration 2 ans. <br><strong>dt\/di <\/strong>: Aide \u00e0 g\u00e9rer l\u2019expiration d\u2019autres cookies. Expiration 1 mois. <br><strong>vc <\/strong>: Cookie utilis\u00e9 par AddThis pour suivre les partages sur les diff\u00e9rents r\u00e9seaux sociaux. Dur\u00e9e de validit\u00e9 2 ans. <br><strong>loc: <\/strong>Geolocalizzazione, che \u00e8 utilizzata per aiutare i provider a determinare la posizione geografica (a livello statale) degli utenti che condividono informazioni tra loro. Scadenza: 2 anni. <br><strong>um<\/strong> : Cookie utilis\u00e9 par AddThis pour suivre les partages sur les diff\u00e9rents r\u00e9seaux sociaux. Dur\u00e9e de validit\u00e9 : 2 ans. <\/li>\n<\/ul>\n\n<h4><strong>AUCUN COOKIE DE PROFILAGE N\u2019EST UTILIS\u00c9<\/strong><\/h4>\n\n<h4><strong>d) Choix relatifs aux Cookies utilis\u00e9s par le site<\/strong><\/h4>\n\n<p>Vous pouvez choisir \u00e0 tout moment de d\u00e9sactiver ou d\u2019accepter les cookies en configurant correctement votre navigateur. En fonction de cela, la navigation peut \u00eatre difficile et certaines sections ou fonctionnalit\u00e9s du site peuvent ne pas \u00eatre disponibles. <\/p>\n\n<ul>\n<li><strong>Comment g\u00e9rer les cookies \u00ab\u00a0de navigation\u00a0\u00bb ou \u00ab\u00a0de session\u00a0\u00bb<br><\/strong>Pour g\u00e9rer l\u2019utilisation des cookies, vous devez s\u00e9lectionner la configuration appropri\u00e9e sur votre navigateur. Voici les liens qui expliquent comment g\u00e9rer les cookies pour les navigateurs les plus populaires : \n<ul>\n<li>Internet Explorer TM: http:\/\/windows.microsoft.com\/it-IT\/windows-vista\/Block-or-allow- cookies<\/li>\n<li>Google Chrome TM: https:\/\/support.google.com\/chrome\/answer\/95647?hl=it&amp;hlrm=en<\/li>\n<li>Mozilla Firefox TM: https:\/\/support.mozilla.org\/it\/kb\/Attivare%20e%20disattivare%20i%20cookie<\/li>\n<li>Apple Safari TM: http:\/\/www.apple.com\/it\/support<\/li>\n<li>Opera TM: http:\/\/help.opera.com\/Windows\/10.00\/it\/cookies.html<\/li>\n<\/ul>\n<\/li>\n<li><strong>Comment d\u00e9sactiver les cookies de AddThis<br><\/strong>Pour d\u00e9sactiver les cookies de AddThis, il faut aller sur <a href=\"http:\/\/www.addthis.com\/privacy\/opt-out\" target=\"_blank\" rel=\"noopener\">http:\/\/www.addthis.com\/privacy\/opt-out<\/a> et d\u00e9sactiver l\u2019utilisation des cookies.<\/li>\n<li><strong>Comment d\u00e9sactiver les cookies \u00ab\u00a0analytics\u00a0\u00bb ou \u00ab\u00a0de suivi\u00a0\u00bb (Google Analytics)<br><\/strong>Pour d\u00e9sactiver les cookies de Google Analytics, vous devez utiliser le module compl\u00e9mentaire de d\u00e9sinscription fourni par Google pour les principaux navigateurs, sans aucune cons\u00e9quence sur la navigation du portail. Voici le lien qui explique comment d\u00e9sactiver les cookies pour le service sp\u00e9cifique:<br>\u2212 https:\/\/tools.google.com\/dlpage\/gaoptout?hl=it <\/li>\n<li><strong>Sites de tiers<br><\/strong>Les sites tiers auxquels vous pouvez acc\u00e9der via ce site ne sont pas couverts par cette politique. Le Titulaire d\u00e9cline toute responsabilit\u00e9 \u00e0 leur \u00e9gard. Les cat\u00e9gories de cookies utilis\u00e9es et le type de traitement des donn\u00e9es personnelles par ces entreprises sont r\u00e9glement\u00e9s conform\u00e9ment aux informations fournies par ces entreprises.<br>Pour les informations et pour d\u00e9sactiver les cookies analytiques de tiers, allez sur le site.  <\/li>\n<\/ul>\n\n<ul>\n<li><strong>Sites tiers<br><\/strong>\u2212 https:\/\/tools.google.com\/dlpage\/gaoptout?hl=i<\/li>\n<\/ul>\n\n<h4><strong>e) Consentement \u00e0 l\u2019utilisation des cookies<\/strong><\/h4>\n\n<p>La premi\u00e8re fois que vous acc\u00e9dez au site web, une banni\u00e8re appara\u00eetra contenant la br\u00e8ve information sur l\u2019utilisation des cookies.<\/p>\n\n<p><strong>L\u2019utilisateur a trois alternatives :<\/strong><\/p>\n\n<ul>\n<li>Cliquer sur le bouton \u00ab\u00a0AUTORISATION\u00a0\u00bb, qui \u00e9quivaut au consentement \u00e0 l\u2019utilisation des cookies, comme indiqu\u00e9 dans la br\u00e8ve information;<\/li>\n<li>L\u2019acc\u00e8s \u00e0 la Cookie Privacy et le choix entre les diff\u00e9rentes options de typologie de Cookies, qui comporte des cons\u00e9quences diff\u00e9rentes selon les cat\u00e9gories de Cookies autoris\u00e9es ;<\/li>\n<li>Continuer \u00e0 naviguer sur le site, en acceptant implicitement l\u2019utilisation des cookies.<\/li>\n<\/ul>\n\n<p>Dans tous les cas, il est possible de d\u00e9sactiver l\u2019utilisation des cookies en utilisant les m\u00e9thodes de gestion mentionn\u00e9es ci-dessus.<\/p>\n\t\t\t\t\t\t\t\t<\/div>\n\t\t\t\t<\/div>\n\t\t\t\t\t<\/div>\n\t\t<\/div>\n\t\t\t\t\t<\/div>\n\t\t<\/section>\n\t\t\t\t<section class=\"elementor-section elementor-top-section elementor-element elementor-element-7d633dc elementor-section-boxed elementor-section-height-default elementor-section-height-default default-style\" data-id=\"7d633dc\" data-element_type=\"section\" data-settings=\"{&quot;rt_color_sets&quot;:&quot;default-style&quot;}\">\n\t\t\t\t\t\t<div class=\"elementor-container elementor-column-gap-default\">\n\t\t\t\t\t<div class=\"elementor-column elementor-col-100 elementor-top-column elementor-element elementor-element-d1203aa\" data-id=\"d1203aa\" data-element_type=\"column\">\n\t\t\t<div class=\"elementor-widget-wrap elementor-element-populated\">\n\t\t\t\t\t\t<div class=\"elementor-element elementor-element-9aa6df1 elementor-widget elementor-widget-spacer\" data-id=\"9aa6df1\" data-element_type=\"widget\" data-widget_type=\"spacer.default\">\n\t\t\t\t<div class=\"elementor-widget-container\">\n\t\t\t\t\t\t\t<div class=\"elementor-spacer\">\n\t\t\t<div class=\"elementor-spacer-inner\"><\/div>\n\t\t<\/div>\n\t\t\t\t\t\t<\/div>\n\t\t\t\t<\/div>\n\t\t\t\t\t<\/div>\n\t\t<\/div>\n\t\t\t\t\t<\/div>\n\t\t<\/section>\n\t\t\t\t<\/div>\n\t\t","protected":false},"excerpt":{"rendered":"<p>INFORMATIONS D\u00c9TAILL\u00c9ES SUR L\u2019UTILISATION DES COOKIES ET CONSENTEMENT \u00c0 LEUR UTILISATION a) Qu\u2019est-ce que les cookies Les \u00ab\u00a0cookies\u00a0\u00bb sont de petits fichiers texte qui sont install\u00e9s sur le terminal de l\u2019utilisateur (ordinateur, smartphone, tablette ou tout autre outil utilis\u00e9 pour acc\u00e9der \u00e0 Internet) au moment o\u00f9 il se connecte \u00e0 un site donn\u00e9. Les cookies [&hellip;]<\/p>\n","protected":false},"author":1,"featured_media":0,"parent":0,"menu_order":0,"comment_status":"closed","ping_status":"closed","template":"","meta":{"footnotes":""},"class_list":["post-11778","page","type-page","status-publish","hentry"],"_links":{"self":[{"href":"https:\/\/www.sistemaingenius.it\/fr\/wp-json\/wp\/v2\/pages\/11778","targetHints":{"allow":["GET"]}}],"collection":[{"href":"https:\/\/www.sistemaingenius.it\/fr\/wp-json\/wp\/v2\/pages"}],"about":[{"href":"https:\/\/www.sistemaingenius.it\/fr\/wp-json\/wp\/v2\/types\/page"}],"author":[{"embeddable":true,"href":"https:\/\/www.sistemaingenius.it\/fr\/wp-json\/wp\/v2\/users\/1"}],"replies":[{"embeddable":true,"href":"https:\/\/www.sistemaingenius.it\/fr\/wp-json\/wp\/v2\/comments?post=11778"}],"version-history":[{"count":13,"href":"https:\/\/www.sistemaingenius.it\/fr\/wp-json\/wp\/v2\/pages\/11778\/revisions"}],"predecessor-version":[{"id":25022,"href":"https:\/\/www.sistemaingenius.it\/fr\/wp-json\/wp\/v2\/pages\/11778\/revisions\/25022"}],"wp:attachment":[{"href":"https:\/\/www.sistemaingenius.it\/fr\/wp-json\/wp\/v2\/media?parent=11778"}],"curies":[{"name":"wp","href":"https:\/\/api.w.org\/{rel}","templated":true}]}}