{"id":11731,"date":"2020-06-23T12:18:20","date_gmt":"2020-06-23T10:18:20","guid":{"rendered":"https:\/\/www.sistemaingenius.it\/?page_id=11731"},"modified":"2026-02-04T10:40:14","modified_gmt":"2026-02-04T09:40:14","slug":"prodotti","status":"publish","type":"page","link":"https:\/\/www.sistemaingenius.it\/fr\/prodotti\/","title":{"rendered":"Produits"},"content":{"rendered":"<p>[vc_row rt_row_background_width=\u00a0\u00bbfullwidth\u00a0\u00bb rt_row_content_width=\u00a0\u00bbdefault\u00a0\u00bb rt_row_style=\u00a0\u00bbdefault-style\u00a0\u00bb rt_row_height=\u00a0\u00bb\u00a0\u00bb rt_column_gaps=\u00a0\u00bb\u00a0\u00bb rt_row_shadows=\u00a0\u00bb\u00a0\u00bb rt_row_borders=\u00a0\u00bb\u00a0\u00bb rt_bg_effect=\u00a0\u00bbclassic\u00a0\u00bb rt_bg_image_repeat=\u00a0\u00bbrepeat\u00a0\u00bb rt_bg_size=\u00a0\u00bbcover\u00a0\u00bb rt_bg_position=\u00a0\u00bbright top\u00a0\u00bb rt_bg_attachment=\u00a0\u00bbscroll\u00a0\u00bb rt_bg_layer=\u00a0\u00bb\u00a0\u00bb rt_bg_video_format=\u00a0\u00bbself-hosted\u00a0\u00bb rt_class=\u00a0\u00bbrt-2772604&Prime; rt_paddings=\u00a0\u00bb25,20,,\u00a0\u00bb rt_margins=\u00a0\u00bb,,,\u00a0\u00bb rt_content_margins=\u00a0\u00bb,,,\u00a0\u00bb rt_tablet_paddings=\u00a0\u00bb,,,\u00a0\u00bb rt_tablet_margins=\u00a0\u00bb,,,\u00a0\u00bb rt_tablet_content_margins=\u00a0\u00bb,,,\u00a0\u00bb rt_sp_paddings=\u00a0\u00bb,,,\u00a0\u00bb rt_sp_margins=\u00a0\u00bb,,,\u00a0\u00bb rt_sp_content_margins=\u00a0\u00bb,,,\u00a0\u00bb rt_bg_color=\u00a0\u00bb#000000&Prime; rt_vc_seperator_1=\u00a0\u00bb\u00a0\u00bb rt_vc_seperator_2=\u00a0\u00bb\u00a0\u00bb rt_vc_seperator_3=\u00a0\u00bb\u00a0\u00bb][vc_column width=\u00a0\u00bb1\/2&Prime; rt_bg_effect=\u00a0\u00bbclassic\u00a0\u00bb rt_bg_image_repeat=\u00a0\u00bbrepeat\u00a0\u00bb rt_bg_size=\u00a0\u00bbauto auto\u00a0\u00bb rt_bg_position=\u00a0\u00bbright top\u00a0\u00bb rt_bg_attachment=\u00a0\u00bbscroll\u00a0\u00bb rt_class=\u00a0\u00bbrt-9656597&Prime; rt_margins=\u00a0\u00bb,\u00a0\u00bb rt_paddings=\u00a0\u00bb25,20,20,0&Prime; rt_wrapper_paddings=\u00a0\u00bb,,,\u00a0\u00bb rt_tablet_margins=\u00a0\u00bb,\u00a0\u00bb rt_tablet_paddings=\u00a0\u00bb,,,\u00a0\u00bb rt_tablet_wrapper_paddings=\u00a0\u00bb,,,\u00a0\u00bb rt_sp_margins=\u00a0\u00bb,\u00a0\u00bb rt_sp_paddings=\u00a0\u00bb,,,\u00a0\u00bb rt_sp_wrapper_paddings=\u00a0\u00bb,,,\u00a0\u00bb rt_bg_color=\u00a0\u00bb\u00a0\u00bb rt_bg_overlay_color=\u00a0\u00bb\u00a0\u00bb]<div class=\"rt-heading-wrapper rt-9274219\">\n\t\t\t\t\t\t<h4 class=\"rt-heading\" >HAI DOMANDE? CONTATTACI SUBITO VIA <span  class=\"rt-anim style-1\" data-timeout=\"3000\"><span>EMAIL<\/span><span>TELEFONO<\/span><span>SOCIAL<\/span><\/span><\/h4>\n\t\t\t\t\t<\/div>[\/vc_column][vc_column width=\u00a0\u00bb1\/2&Prime; text_align=\u00a0\u00bbright\u00a0\u00bb tablet_align=\u00a0\u00bbcenter\u00a0\u00bb mobile_align=\u00a0\u00bbcenter\u00a0\u00bb rt_bg_effect=\u00a0\u00bbclassic\u00a0\u00bb rt_bg_image_repeat=\u00a0\u00bbrepeat\u00a0\u00bb rt_bg_size=\u00a0\u00bbauto auto\u00a0\u00bb rt_bg_position=\u00a0\u00bbright top\u00a0\u00bb rt_bg_attachment=\u00a0\u00bbscroll\u00a0\u00bb rt_class=\u00a0\u00bbrt-7025006&Prime; rt_margins=\u00a0\u00bb,\u00a0\u00bb rt_paddings=\u00a0\u00bb20,20,20,20&Prime; rt_wrapper_paddings=\u00a0\u00bb,,,\u00a0\u00bb rt_tablet_margins=\u00a0\u00bb,\u00a0\u00bb rt_tablet_paddings=\u00a0\u00bb,,,\u00a0\u00bb rt_tablet_wrapper_paddings=\u00a0\u00bb,,,\u00a0\u00bb rt_sp_margins=\u00a0\u00bb,\u00a0\u00bb rt_sp_paddings=\u00a0\u00bb,,,\u00a0\u00bb rt_sp_wrapper_paddings=\u00a0\u00bb,,,\u00a0\u00bb rt_bg_color=\u00a0\u00bb\u00a0\u00bb rt_bg_overlay_color=\u00a0\u00bb\u00a0\u00bb]<div class=\"button_wrapper \"><a href=\"\" target=\"_self\" title=\"CONTATTACI ORA\" class=\"button_  style-1 small rt-3570922\"><span><span>CONTATTACI ORA<\/span><\/span><\/a><\/div>[\/vc_column][\/vc_row][vc_row rt_row_background_width=\u00a0\u00bbfullwidth\u00a0\u00bb rt_row_content_width=\u00a0\u00bbdefault\u00a0\u00bb rt_row_style=\u00a0\u00bbdefault-style\u00a0\u00bb rt_row_height=\u00a0\u00bb\u00a0\u00bb rt_column_gaps=\u00a0\u00bb\u00a0\u00bb rt_row_shadows=\u00a0\u00bb\u00a0\u00bb rt_row_borders=\u00a0\u00bb\u00a0\u00bb rt_bg_effect=\u00a0\u00bbclassic\u00a0\u00bb rt_bg_image_repeat=\u00a0\u00bbrepeat\u00a0\u00bb rt_bg_size=\u00a0\u00bbcover\u00a0\u00bb rt_bg_position=\u00a0\u00bbright top\u00a0\u00bb rt_bg_attachment=\u00a0\u00bbscroll\u00a0\u00bb rt_bg_layer=\u00a0\u00bb\u00a0\u00bb rt_bg_video_format=\u00a0\u00bbself-hosted\u00a0\u00bb][vc_column rt_bg_effect=\u00a0\u00bbclassic\u00a0\u00bb rt_bg_image_repeat=\u00a0\u00bbrepeat\u00a0\u00bb rt_bg_size=\u00a0\u00bbauto auto\u00a0\u00bb rt_bg_position=\u00a0\u00bbright top\u00a0\u00bb rt_bg_attachment=\u00a0\u00bbscroll\u00a0\u00bb]\n\t\t\t\t\t\t<div class=\"filter-holder\" data-list-id=\"portfolio-dynamicID-763117\">\n\t\t\t\t\t\t\t<ul class=\"filter_navigation\">\n\t\t\t\t\t\t\t\t<li>\n\t\t\t\t\t\t\t\t\t<span>SORT PROJECTS<\/span>\n\t\t\t\t\t\t\t\t\t\t<ul>\n\t\t\t\t\t\t\t\t\t\t\t<li><a href=\"#\" data-filter=\"*\" class=\"active\" title=\"ALL\">ALL<\/a><\/li>\n\t\t\t\t\t\t\t\t\t\t\t<li><a data-filter=\".portfolio-180\" title=\"Chauffage\">Chauffage<\/a><\/li>\n<li><a data-filter=\".portfolio-171\" title=\"Cuisine\">Cuisine<\/a><\/li>\n<li><a data-filter=\".portfolio-274\" title=\"inFINE\">inFINE<\/a><\/li>\n<li><a data-filter=\".portfolio-174\" title=\"inGENIUS\">inGENIUS<\/a><\/li>\n<li><a data-filter=\".portfolio-176\" title=\"inUNICA\">inUNICA<\/a><\/li>\n<li><a data-filter=\".portfolio-173\" title=\"Jardin\">Jardin<\/a><\/li>\n<li><a data-filter=\".portfolio-168\" title=\"Salle de bain\">Salle de bain<\/a><\/li>\n<li><a data-filter=\".portfolio-182\" title=\"Salle technique\">Salle technique<\/a><\/li>\n\n\t\t\t\t\t\t\t\t\t\t<\/ul>\n\t\t\t\t\t\t\t\t<\/li>\n\t\t\t\t\t\t\t<\/ul>\n\t\t\t\t\t\t<\/div>\n<div id=\"portfolio-dynamicID-763117\" class=\"row portfolio_list rt-gallery clearfix  masonry-gallery filterable\" data-column-width=\"4\">\n<div class=\"col col-sm-3  rt-dynamic  portfolio-180 portfolio-171 portfolio-176 portfolio-168 portfolio-182\">\n \n\n<!-- portfolio box-->\n<div class=\"loop style-2 hover-1 image post-10336 portfolio type-portfolio status-publish has-post-thumbnail hentry portfolio_categories-chauffage portfolio_categories-cuisine portfolio_categories-inunica-fr portfolio_categories-salle-de-bain portfolio_categories-salle-technique\" id=\"portfolio-10336\">\n\n\t<div class=\"portfolio-loop-item-wrapper\">\n\t\t\n\n\t\t\t\t\t\t<figure class=\"image-thumbnail\">\n\t\t\t\t\t\t\t<a href=\"https:\/\/www.sistemaingenius.it\/fr\/project-details\/ig903urda-robinet-dangle\/\" target=\"_self\" title=\"IG903URDA &#8211; Robinet d\u2019angle\"><img fetchpriority=\"high\" decoding=\"async\" src=\"https:\/\/www.sistemaingenius.it\/wp-content\/uploads\/2025\/01\/IG903URDA_ombra-480x480.jpg\" alt=\"IG903URDA - Rubinetto angolo\" class=\"\" width=\"480\" height=\"480\" \/><\/a>\n\t\t\t\t\t\t<\/figure>\n\n\t\t\t\t\t\t<div class=\"visible_title\">\n\t\t\t\t\t\t\t<h5 class=\"title\">IG903URDA &#8211; Robinet d\u2019angle<\/h5>\n\t\t\t\t\t\t<\/div>\n\n\t\t\t\t\t\t<div class=\"overlay\">\n\t\t\t\t\t\t\t<section class=\"text\">\n\t\t\t\t\t\t\t\t\t\n\t\t\t\t\t\t\t\t<h5 class=\"title\"><a href=\"https:\/\/www.sistemaingenius.it\/fr\/project-details\/ig903urda-robinet-dangle\/\" target=\"_self\" rel=\"bookmark\">IG903URDA &#8211; Robinet d\u2019angle<\/a><\/h5>\n\t\t\t\t\t\t\t\t<span class=\"terms\"><a href=\"https:\/\/www.sistemaingenius.it\/fr\/portfolio\/chauffage\/\" rel=\"tag\">Chauffage<\/a>, <a href=\"https:\/\/www.sistemaingenius.it\/fr\/portfolio\/cuisine\/\" rel=\"tag\">Cuisine<\/a>, <a href=\"https:\/\/www.sistemaingenius.it\/fr\/portfolio\/inunica-fr\/\" rel=\"tag\">inUNICA<\/a>, <a href=\"https:\/\/www.sistemaingenius.it\/fr\/portfolio\/salle-de-bain\/\" rel=\"tag\">Salle de bain<\/a>, <a href=\"https:\/\/www.sistemaingenius.it\/fr\/portfolio\/salle-technique\/\" rel=\"tag\">Salle technique<\/a><\/span>\n\t\t\t\t\t\t\t\t<p>En savoir plus<a class=\"read_more\" href=\"https:\/\/www.sistemaingenius.it\/fr\/project-details\/ig903urda-robinet-dangle\/\" target=\"_self\"><\/a><\/p>\t\t\t\t\n\t\t\t\t\t\t\t\t\t\n\t\t\t\t\t\t\t<\/section> \t\n\t\t\t\t\t\t<\/div>\n\n\t\t\t\t\t\t<\/div>\n<\/div> \n<!-- \/ portfolio box-->\n<\/div>\n<div class=\"col col-sm-3  rt-dynamic\">\n \n\n<!-- portfolio box-->\n<div class=\"loop style-2 hover-1  post-22329 portfolio type-portfolio status-publish hentry\" id=\"portfolio-22329\">\n\n\t<div class=\"portfolio-loop-item-wrapper\">\n\t\t\n\n\t\t\t\t\t\t<figure class=\"image-thumbnail\">\n\t\t\t\t\t\t\t<a href=\"https:\/\/www.sistemaingenius.it\/fr\/project-details\/infine\/\" target=\"_self\" title=\"INFINE\"><\/a>\n\t\t\t\t\t\t<\/figure>\n\n\t\t\t\t\t\t<div class=\"visible_title\">\n\t\t\t\t\t\t\t<h5 class=\"title\">INFINE<\/h5>\n\t\t\t\t\t\t<\/div>\n\n\t\t\t\t\t\t<div class=\"overlay\">\n\t\t\t\t\t\t\t<section class=\"text\">\n\t\t\t\t\t\t\t\t\t\n\t\t\t\t\t\t\t\t<h5 class=\"title\"><a href=\"https:\/\/www.sistemaingenius.it\/fr\/project-details\/infine\/\" target=\"_self\" rel=\"bookmark\">INFINE<\/a><\/h5>\n\t\t\t\t\t\t\t\t\n\t\t\t\t\t\t\t\t<p>INFINE: colonne de douche ext\u00e9rieure avec m\u00e9langeur progressif et a\u00e9rateur Neoperl<a class=\"read_more\" href=\"https:\/\/www.sistemaingenius.it\/fr\/project-details\/infine\/\" target=\"_self\"><\/a><\/p>\t\t\t\t\n\t\t\t\t\t\t\t\t\t\n\t\t\t\t\t\t\t<\/section> \t\n\t\t\t\t\t\t<\/div>\n\n\t\t\t\t\t\t<\/div>\n<\/div> \n<!-- \/ portfolio box-->\n<\/div>\n<div class=\"col col-sm-3  rt-dynamic  portfolio-171 portfolio-174 portfolio-168 portfolio-182\">\n \n\n<!-- portfolio box-->\n<div class=\"loop style-2 hover-1 image post-22299 portfolio type-portfolio status-publish has-post-thumbnail hentry portfolio_categories-cuisine portfolio_categories-ingenius-fr portfolio_categories-salle-de-bain portfolio_categories-salle-technique\" id=\"portfolio-22299\">\n\n\t<div class=\"portfolio-loop-item-wrapper\">\n\t\t\n\n\t\t\t\t\t\t<figure class=\"image-thumbnail\">\n\t\t\t\t\t\t\t<a href=\"https:\/\/www.sistemaingenius.it\/fr\/project-details\/ig201s-robinet-de-lavabo-bidet\/\" target=\"_self\" title=\"IG201S &#8211; Raccord sous lavabo\/bidet\"><img decoding=\"async\" src=\"https:\/\/www.sistemaingenius.it\/wp-content\/uploads\/2019\/11\/IG201S_ombra-480x480.jpg\" alt=\"\" class=\"\" width=\"480\" height=\"480\" \/><\/a>\n\t\t\t\t\t\t<\/figure>\n\n\t\t\t\t\t\t<div class=\"visible_title\">\n\t\t\t\t\t\t\t<h5 class=\"title\">IG201S &#8211; Raccord sous lavabo\/bidet<\/h5>\n\t\t\t\t\t\t<\/div>\n\n\t\t\t\t\t\t<div class=\"overlay\">\n\t\t\t\t\t\t\t<section class=\"text\">\n\t\t\t\t\t\t\t\t\t\n\t\t\t\t\t\t\t\t<h5 class=\"title\"><a href=\"https:\/\/www.sistemaingenius.it\/fr\/project-details\/ig201s-robinet-de-lavabo-bidet\/\" target=\"_self\" rel=\"bookmark\">IG201S &#8211; Raccord sous lavabo\/bidet<\/a><\/h5>\n\t\t\t\t\t\t\t\t<span class=\"terms\"><a href=\"https:\/\/www.sistemaingenius.it\/fr\/portfolio\/cuisine\/\" rel=\"tag\">Cuisine<\/a>, <a href=\"https:\/\/www.sistemaingenius.it\/fr\/portfolio\/ingenius-fr\/\" rel=\"tag\">inGENIUS<\/a>, <a href=\"https:\/\/www.sistemaingenius.it\/fr\/portfolio\/salle-de-bain\/\" rel=\"tag\">Salle de bain<\/a>, <a href=\"https:\/\/www.sistemaingenius.it\/fr\/portfolio\/salle-technique\/\" rel=\"tag\">Salle technique<\/a><\/span>\n\t\t\t\t\t\t\t\t<p>En savoir plus<a class=\"read_more\" href=\"https:\/\/www.sistemaingenius.it\/fr\/project-details\/ig201s-robinet-de-lavabo-bidet\/\" target=\"_self\"><\/a><\/p>\t\t\t\t\n\t\t\t\t\t\t\t\t\t\n\t\t\t\t\t\t\t<\/section> \t\n\t\t\t\t\t\t<\/div>\n\n\t\t\t\t\t\t<\/div>\n<\/div> \n<!-- \/ portfolio box-->\n<\/div>\n<div class=\"col col-sm-3  rt-dynamic  portfolio-171 portfolio-174\">\n \n\n<!-- portfolio box-->\n<div class=\"loop style-2 hover-1 image post-22296 portfolio type-portfolio status-publish has-post-thumbnail hentry portfolio_categories-cuisine portfolio_categories-ingenius-fr\" id=\"portfolio-22296\">\n\n\t<div class=\"portfolio-loop-item-wrapper\">\n\t\t\n\n\t\t\t\t\t\t<figure class=\"image-thumbnail\">\n\t\t\t\t\t\t\t<a href=\"https:\/\/www.sistemaingenius.it\/fr\/project-details\/ig103ral-robinet-de-cuisine-lave-vaisselle\/\" target=\"_self\" title=\"IG103RAL &#8211; Raccord sous l\u2019e\u0301vier\/le lave-vaisselle\"><img decoding=\"async\" src=\"https:\/\/www.sistemaingenius.it\/wp-content\/uploads\/2019\/11\/IG103RAL_ombra-480x480.jpg\" alt=\"\" class=\"\" width=\"480\" height=\"480\" \/><\/a>\n\t\t\t\t\t\t<\/figure>\n\n\t\t\t\t\t\t<div class=\"visible_title\">\n\t\t\t\t\t\t\t<h5 class=\"title\">IG103RAL &#8211; Raccord sous l\u2019e\u0301vier\/le lave-vaisselle<\/h5>\n\t\t\t\t\t\t<\/div>\n\n\t\t\t\t\t\t<div class=\"overlay\">\n\t\t\t\t\t\t\t<section class=\"text\">\n\t\t\t\t\t\t\t\t\t\n\t\t\t\t\t\t\t\t<h5 class=\"title\"><a href=\"https:\/\/www.sistemaingenius.it\/fr\/project-details\/ig103ral-robinet-de-cuisine-lave-vaisselle\/\" target=\"_self\" rel=\"bookmark\">IG103RAL &#8211; Raccord sous l\u2019e\u0301vier\/le lave-vaisselle<\/a><\/h5>\n\t\t\t\t\t\t\t\t<span class=\"terms\"><a href=\"https:\/\/www.sistemaingenius.it\/fr\/portfolio\/cuisine\/\" rel=\"tag\">Cuisine<\/a>, <a href=\"https:\/\/www.sistemaingenius.it\/fr\/portfolio\/ingenius-fr\/\" rel=\"tag\">inGENIUS<\/a><\/span>\n\t\t\t\t\t\t\t\t<p>En savoir plus<a class=\"read_more\" href=\"https:\/\/www.sistemaingenius.it\/fr\/project-details\/ig103ral-robinet-de-cuisine-lave-vaisselle\/\" target=\"_self\"><\/a><\/p>\t\t\t\t\n\t\t\t\t\t\t\t\t\t\n\t\t\t\t\t\t\t<\/section> \t\n\t\t\t\t\t\t<\/div>\n\n\t\t\t\t\t\t<\/div>\n<\/div> \n<!-- \/ portfolio box-->\n<\/div>\n<div class=\"col col-sm-3  rt-dynamic  portfolio-171 portfolio-174 portfolio-168\">\n \n\n<!-- portfolio box-->\n<div class=\"loop style-2 hover-1 image post-22293 portfolio type-portfolio status-publish has-post-thumbnail hentry portfolio_categories-cuisine portfolio_categories-ingenius-fr portfolio_categories-salle-de-bain\" id=\"portfolio-22293\">\n\n\t<div class=\"portfolio-loop-item-wrapper\">\n\t\t\n\n\t\t\t\t\t\t<figure class=\"image-thumbnail\">\n\t\t\t\t\t\t\t<a href=\"https:\/\/www.sistemaingenius.it\/fr\/project-details\/ig103rals-robinet-de-cuisine-lave-vaisselle\/\" target=\"_self\" title=\"IG103RALS &#8211; Raccord sous l\u2019e\u0301vier\/ le lave-vaisselle\"><img loading=\"lazy\" decoding=\"async\" src=\"https:\/\/www.sistemaingenius.it\/wp-content\/uploads\/2019\/11\/IG103RALS_ombra-480x480.jpg\" alt=\"\" class=\"\" width=\"480\" height=\"480\" \/><\/a>\n\t\t\t\t\t\t<\/figure>\n\n\t\t\t\t\t\t<div class=\"visible_title\">\n\t\t\t\t\t\t\t<h5 class=\"title\">IG103RALS &#8211; Raccord sous l\u2019e\u0301vier\/ le lave-vaisselle<\/h5>\n\t\t\t\t\t\t<\/div>\n\n\t\t\t\t\t\t<div class=\"overlay\">\n\t\t\t\t\t\t\t<section class=\"text\">\n\t\t\t\t\t\t\t\t\t\n\t\t\t\t\t\t\t\t<h5 class=\"title\"><a href=\"https:\/\/www.sistemaingenius.it\/fr\/project-details\/ig103rals-robinet-de-cuisine-lave-vaisselle\/\" target=\"_self\" rel=\"bookmark\">IG103RALS &#8211; Raccord sous l\u2019e\u0301vier\/ le lave-vaisselle<\/a><\/h5>\n\t\t\t\t\t\t\t\t<span class=\"terms\"><a href=\"https:\/\/www.sistemaingenius.it\/fr\/portfolio\/cuisine\/\" rel=\"tag\">Cuisine<\/a>, <a href=\"https:\/\/www.sistemaingenius.it\/fr\/portfolio\/ingenius-fr\/\" rel=\"tag\">inGENIUS<\/a>, <a href=\"https:\/\/www.sistemaingenius.it\/fr\/portfolio\/salle-de-bain\/\" rel=\"tag\">Salle de bain<\/a><\/span>\n\t\t\t\t\t\t\t\t<p>En savoir plus<a class=\"read_more\" href=\"https:\/\/www.sistemaingenius.it\/fr\/project-details\/ig103rals-robinet-de-cuisine-lave-vaisselle\/\" target=\"_self\"><\/a><\/p>\t\t\t\t\n\t\t\t\t\t\t\t\t\t\n\t\t\t\t\t\t\t<\/section> \t\n\t\t\t\t\t\t<\/div>\n\n\t\t\t\t\t\t<\/div>\n<\/div> \n<!-- \/ portfolio box-->\n<\/div>\n<div class=\"col col-sm-3  rt-dynamic  portfolio-171 portfolio-174 portfolio-168 portfolio-182\">\n \n\n<!-- portfolio box-->\n<div class=\"loop style-2 hover-1 image post-22284 portfolio type-portfolio status-publish has-post-thumbnail hentry portfolio_categories-cuisine portfolio_categories-ingenius-fr portfolio_categories-salle-de-bain portfolio_categories-salle-technique\" id=\"portfolio-22284\">\n\n\t<div class=\"portfolio-loop-item-wrapper\">\n\t\t\n\n\t\t\t\t\t\t<figure class=\"image-thumbnail\">\n\t\t\t\t\t\t\t<a href=\"https:\/\/www.sistemaingenius.it\/fr\/project-details\/ig132er-excentrique-groupes-externes\/\" target=\"_self\" title=\"IG132ER &#8211; Raccord pour les groupes externes\"><img loading=\"lazy\" decoding=\"async\" src=\"https:\/\/www.sistemaingenius.it\/wp-content\/uploads\/2020\/01\/IG132ER_ombra-2-480x480.jpg\" alt=\"\" class=\"\" width=\"480\" height=\"480\" \/><\/a>\n\t\t\t\t\t\t<\/figure>\n\n\t\t\t\t\t\t<div class=\"visible_title\">\n\t\t\t\t\t\t\t<h5 class=\"title\">IG132ER &#8211; Raccord pour les groupes externes<\/h5>\n\t\t\t\t\t\t<\/div>\n\n\t\t\t\t\t\t<div class=\"overlay\">\n\t\t\t\t\t\t\t<section class=\"text\">\n\t\t\t\t\t\t\t\t\t\n\t\t\t\t\t\t\t\t<h5 class=\"title\"><a href=\"https:\/\/www.sistemaingenius.it\/fr\/project-details\/ig132er-excentrique-groupes-externes\/\" target=\"_self\" rel=\"bookmark\">IG132ER &#8211; Raccord pour les groupes externes<\/a><\/h5>\n\t\t\t\t\t\t\t\t<span class=\"terms\"><a href=\"https:\/\/www.sistemaingenius.it\/fr\/portfolio\/cuisine\/\" rel=\"tag\">Cuisine<\/a>, <a href=\"https:\/\/www.sistemaingenius.it\/fr\/portfolio\/ingenius-fr\/\" rel=\"tag\">inGENIUS<\/a>, <a href=\"https:\/\/www.sistemaingenius.it\/fr\/portfolio\/salle-de-bain\/\" rel=\"tag\">Salle de bain<\/a>, <a href=\"https:\/\/www.sistemaingenius.it\/fr\/portfolio\/salle-technique\/\" rel=\"tag\">Salle technique<\/a><\/span>\n\t\t\t\t\t\t\t\t<p>En savoir plus<a class=\"read_more\" href=\"https:\/\/www.sistemaingenius.it\/fr\/project-details\/ig132er-excentrique-groupes-externes\/\" target=\"_self\"><\/a><\/p>\t\t\t\t\n\t\t\t\t\t\t\t\t\t\n\t\t\t\t\t\t\t<\/section> \t\n\t\t\t\t\t\t<\/div>\n\n\t\t\t\t\t\t<\/div>\n<\/div> \n<!-- \/ portfolio box-->\n<\/div>\n<\/div>\n<button href=\"#\" class=\"load_more button_ small style-1 aligncenter\" autocomplete=\"off\" data-atts=\"id%2Aportfolio-dynamicID-763117%7Cclass%2A%7Clist_layout%2A1%2F4%7Cmetro_layout%2A1%7Clayout_style%2Amasonry%7Citem_style%2Astyle-2%7Chover_style%2Ahover-1%7Cfilterable%2Atrue%7Cpagination%2Atrue%7Cajax_pagination%2Atrue%7Cfeatured_image_resize%2Atrue%7Cfeatured_image_max_width%2A0%7Cfeatured_image_max_height%2A0%7Cfeatured_image_crop%2Afalse%7Cmetro_resize%2Atrue%7Clist_orderby%2Adate%7Clist_order%2ADESC%7Citem_per_page%2A6%7Ccategories%2A%7Cajax%2Afalse%7Cids%2A%7Cpaged%2A0%7Cwpml_lang%2A%7Cnogaps%2A%7Cbox_style%2A%7Cdisplay_categories%2Atrue%7Cdisplay_excerpts%2Atrue%7Cpurpose%2Aportfolio\" data-page_count=\"24\" data-current_page=\"1\" data-listid=\"portfolio-dynamicID-763117\"><span><span class=\"button-icon ui-icon-angle-down\"><\/span><span>LOAD MORE<\/span><\/span><\/button>[\/vc_column][\/vc_row]<\/p>\n","protected":false},"excerpt":{"rendered":"<p>[vc_row rt_row_background_width=\u00a0\u00bbfullwidth\u00a0\u00bb rt_row_content_width=\u00a0\u00bbdefault\u00a0\u00bb rt_row_style=\u00a0\u00bbdefault-style\u00a0\u00bb rt_row_height=\u00a0\u00bb\u00a0\u00bb rt_column_gaps=\u00a0\u00bb\u00a0\u00bb rt_row_shadows=\u00a0\u00bb\u00a0\u00bb rt_row_borders=\u00a0\u00bb\u00a0\u00bb rt_bg_effect=\u00a0\u00bbclassic\u00a0\u00bb rt_bg_image_repeat=\u00a0\u00bbrepeat\u00a0\u00bb rt_bg_size=\u00a0\u00bbcover\u00a0\u00bb rt_bg_position=\u00a0\u00bbright top\u00a0\u00bb rt_bg_attachment=\u00a0\u00bbscroll\u00a0\u00bb rt_bg_layer=\u00a0\u00bb\u00a0\u00bb rt_bg_video_format=\u00a0\u00bbself-hosted\u00a0\u00bb rt_class=\u00a0\u00bbrt-2772604&Prime; rt_paddings=\u00a0\u00bb25,20,,\u00a0\u00bb rt_margins=\u00a0\u00bb,,,\u00a0\u00bb rt_content_margins=\u00a0\u00bb,,,\u00a0\u00bb rt_tablet_paddings=\u00a0\u00bb,,,\u00a0\u00bb rt_tablet_margins=\u00a0\u00bb,,,\u00a0\u00bb rt_tablet_content_margins=\u00a0\u00bb,,,\u00a0\u00bb rt_sp_paddings=\u00a0\u00bb,,,\u00a0\u00bb rt_sp_margins=\u00a0\u00bb,,,\u00a0\u00bb rt_sp_content_margins=\u00a0\u00bb,,,\u00a0\u00bb rt_bg_color=\u00a0\u00bb#000000&Prime; rt_vc_seperator_1=\u00a0\u00bb\u00a0\u00bb rt_vc_seperator_2=\u00a0\u00bb\u00a0\u00bb rt_vc_seperator_3=\u00a0\u00bb\u00a0\u00bb][vc_column width=\u00a0\u00bb1\/2&Prime; rt_bg_effect=\u00a0\u00bbclassic\u00a0\u00bb rt_bg_image_repeat=\u00a0\u00bbrepeat\u00a0\u00bb rt_bg_size=\u00a0\u00bbauto auto\u00a0\u00bb rt_bg_position=\u00a0\u00bbright top\u00a0\u00bb rt_bg_attachment=\u00a0\u00bbscroll\u00a0\u00bb rt_class=\u00a0\u00bbrt-9656597&Prime; rt_margins=\u00a0\u00bb,\u00a0\u00bb rt_paddings=\u00a0\u00bb25,20,20,0&Prime; rt_wrapper_paddings=\u00a0\u00bb,,,\u00a0\u00bb rt_tablet_margins=\u00a0\u00bb,\u00a0\u00bb rt_tablet_paddings=\u00a0\u00bb,,,\u00a0\u00bb rt_tablet_wrapper_paddings=\u00a0\u00bb,,,\u00a0\u00bb rt_sp_margins=\u00a0\u00bb,\u00a0\u00bb rt_sp_paddings=\u00a0\u00bb,,,\u00a0\u00bb rt_sp_wrapper_paddings=\u00a0\u00bb,,,\u00a0\u00bb rt_bg_color=\u00a0\u00bb\u00a0\u00bb rt_bg_overlay_color=\u00a0\u00bb\u00a0\u00bb][\/vc_column][vc_column width=\u00a0\u00bb1\/2&Prime; text_align=\u00a0\u00bbright\u00a0\u00bb tablet_align=\u00a0\u00bbcenter\u00a0\u00bb mobile_align=\u00a0\u00bbcenter\u00a0\u00bb rt_bg_effect=\u00a0\u00bbclassic\u00a0\u00bb [&hellip;]<\/p>\n","protected":false},"author":1,"featured_media":0,"parent":0,"menu_order":0,"comment_status":"closed","ping_status":"closed","template":"","meta":{"footnotes":""},"class_list":["post-11731","page","type-page","status-publish","hentry"],"_links":{"self":[{"href":"https:\/\/www.sistemaingenius.it\/fr\/wp-json\/wp\/v2\/pages\/11731","targetHints":{"allow":["GET"]}}],"collection":[{"href":"https:\/\/www.sistemaingenius.it\/fr\/wp-json\/wp\/v2\/pages"}],"about":[{"href":"https:\/\/www.sistemaingenius.it\/fr\/wp-json\/wp\/v2\/types\/page"}],"author":[{"embeddable":true,"href":"https:\/\/www.sistemaingenius.it\/fr\/wp-json\/wp\/v2\/users\/1"}],"replies":[{"embeddable":true,"href":"https:\/\/www.sistemaingenius.it\/fr\/wp-json\/wp\/v2\/comments?post=11731"}],"version-history":[{"count":12,"href":"https:\/\/www.sistemaingenius.it\/fr\/wp-json\/wp\/v2\/pages\/11731\/revisions"}],"predecessor-version":[{"id":25009,"href":"https:\/\/www.sistemaingenius.it\/fr\/wp-json\/wp\/v2\/pages\/11731\/revisions\/25009"}],"wp:attachment":[{"href":"https:\/\/www.sistemaingenius.it\/fr\/wp-json\/wp\/v2\/media?parent=11731"}],"curies":[{"name":"wp","href":"https:\/\/api.w.org\/{rel}","templated":true}]}}