{"id":11070,"date":"2020-06-05T09:11:03","date_gmt":"2020-06-05T07:11:03","guid":{"rendered":"http:\/\/test.sistemaingenius.it\/?page_id=11070"},"modified":"2025-02-25T14:11:25","modified_gmt":"2025-02-25T13:11:25","slug":"enviroments","status":"publish","type":"page","link":"https:\/\/www.sistemaingenius.it\/fr\/enviroments\/","title":{"rendered":"Environnements"},"content":{"rendered":"<p>[vc_row rt_row_background_width=\u00a0\u00bbfullwidth\u00a0\u00bb rt_row_content_width=\u00a0\u00bbdefault\u00a0\u00bb rt_row_style=\u00a0\u00bbdefault-style\u00a0\u00bb rt_row_height=\u00a0\u00bb\u00a0\u00bb rt_column_gaps=\u00a0\u00bb\u00a0\u00bb rt_row_shadows=\u00a0\u00bb\u00a0\u00bb rt_row_borders=\u00a0\u00bbbottom\u00a0\u00bb rt_bg_effect=\u00a0\u00bbclassic\u00a0\u00bb rt_bg_image_repeat=\u00a0\u00bbrepeat\u00a0\u00bb rt_bg_size=\u00a0\u00bbcover\u00a0\u00bb rt_bg_position=\u00a0\u00bbright top\u00a0\u00bb rt_bg_attachment=\u00a0\u00bbscroll\u00a0\u00bb rt_bg_layer=\u00a0\u00bb\u00a0\u00bb rt_bg_video_format=\u00a0\u00bbself-hosted\u00a0\u00bb rt_class=\u00a0\u00bbrt-3505954&Prime; rt_paddings=\u00a0\u00bb40,40,,\u00a0\u00bb rt_margins=\u00a0\u00bb,,,\u00a0\u00bb rt_content_margins=\u00a0\u00bb,,,\u00a0\u00bb rt_tablet_paddings=\u00a0\u00bb,,,\u00a0\u00bb rt_tablet_margins=\u00a0\u00bb,,,\u00a0\u00bb rt_tablet_content_margins=\u00a0\u00bb,,,\u00a0\u00bb rt_sp_paddings=\u00a0\u00bb,,,\u00a0\u00bb rt_sp_margins=\u00a0\u00bb,,,\u00a0\u00bb rt_sp_content_margins=\u00a0\u00bb,,,\u00a0\u00bb rt_vc_seperator_1=\u00a0\u00bb\u00a0\u00bb rt_vc_seperator_2=\u00a0\u00bb\u00a0\u00bb rt_vc_seperator_3=\u00a0\u00bb\u00a0\u00bb][vc_column width=\u00a0\u00bb1\/2&Prime; rt_bg_effect=\u00a0\u00bbclassic\u00a0\u00bb rt_bg_image_repeat=\u00a0\u00bbrepeat\u00a0\u00bb rt_bg_size=\u00a0\u00bbauto auto\u00a0\u00bb rt_bg_position=\u00a0\u00bbright top\u00a0\u00bb rt_bg_attachment=\u00a0\u00bbscroll\u00a0\u00bb rt_class=\u00a0\u00bbrt-9140357&Prime; rt_margins=\u00a0\u00bb,\u00a0\u00bb rt_paddings=\u00a0\u00bb10,10,,\u00a0\u00bb rt_wrapper_paddings=\u00a0\u00bb,,,\u00a0\u00bb rt_tablet_margins=\u00a0\u00bb,\u00a0\u00bb rt_tablet_paddings=\u00a0\u00bb,,,\u00a0\u00bb rt_tablet_wrapper_paddings=\u00a0\u00bb,,,\u00a0\u00bb rt_sp_margins=\u00a0\u00bb,\u00a0\u00bb rt_sp_paddings=\u00a0\u00bb,,,\u00a0\u00bb rt_sp_wrapper_paddings=\u00a0\u00bb,,,\u00a0\u00bb rt_bg_color=\u00a0\u00bb\u00a0\u00bb rt_bg_overlay_color=\u00a0\u00bb\u00a0\u00bb][vc_single_image image=\u00a0\u00bb11002&Prime; img_size=\u00a0\u00bbfull\u00a0\u00bb alignment=\u00a0\u00bbcenter\u00a0\u00bb][\/vc_column][vc_column width=\u00a0\u00bb1\/2&Prime; rt_bg_effect=\u00a0\u00bbclassic\u00a0\u00bb rt_bg_image_repeat=\u00a0\u00bbrepeat\u00a0\u00bb rt_bg_size=\u00a0\u00bbauto auto\u00a0\u00bb rt_bg_position=\u00a0\u00bbright top\u00a0\u00bb rt_bg_attachment=\u00a0\u00bbscroll\u00a0\u00bb]\n\t\t<article class=\"content-box content-box2\">\n\t\t<div class=\"rt-heading-wrapper\">\n\t\t\t\t\t\t<span class=\"punchline\">Ambiente<\/span><a href=\"https:\/\/www.sistemaingenius.it\/products\/bagno\/\" target=\"_self\" title=\"Vai ai prodotti\"><h3 class=\"rt-heading with_punchline\" >Bagno<\/h3><\/a>\n\t\t\t\t\t<\/div>\n\t\t<div class=\"content-holder\">\n\t\t\t<p>Les vannes <a href=\"\/projects\/ingenius\/\">INGENIUS<\/a> dans la SALLE DE BAIN peuvent \u00eatre install\u00e9es sur n\u2019importe quel point d\u2019eau, du <strong>bidet<\/strong> au <strong>groupe de baignoire<\/strong> et sous le <strong>lavabo<\/strong> <strong><u>avec tous leurs avantages<\/u><\/strong><strong>.<\/strong><\/p>\n\n\t\t\t<div class=\"button_wrapper  arrow rounded\"><a href=\"https:\/\/www.sistemaingenius.it\/products\/bagno\/\" target=\"_self\" title=\"Vai ai prodotti\" class=\"button_  style-2 small\"><span><span>Vai ai prodotti<\/span><\/span><\/a><\/div>\n\t\t<\/div>\n\t\t<\/article>\n\t\t[\/vc_column][\/vc_row][vc_row rt_row_background_width=\u00a0\u00bbfullwidth\u00a0\u00bb rt_row_content_width=\u00a0\u00bbdefault\u00a0\u00bb rt_row_style=\u00a0\u00bbdefault-style\u00a0\u00bb rt_row_height=\u00a0\u00bb\u00a0\u00bb rt_column_gaps=\u00a0\u00bb\u00a0\u00bb rt_row_shadows=\u00a0\u00bb\u00a0\u00bb rt_row_borders=\u00a0\u00bbbottom\u00a0\u00bb rt_bg_effect=\u00a0\u00bbclassic\u00a0\u00bb rt_bg_image_repeat=\u00a0\u00bbrepeat\u00a0\u00bb rt_bg_size=\u00a0\u00bbcover\u00a0\u00bb rt_bg_position=\u00a0\u00bbright top\u00a0\u00bb rt_bg_attachment=\u00a0\u00bbscroll\u00a0\u00bb rt_bg_layer=\u00a0\u00bb\u00a0\u00bb rt_bg_video_format=\u00a0\u00bbself-hosted\u00a0\u00bb rt_class=\u00a0\u00bbrt-2412848&Prime; rt_paddings=\u00a0\u00bb40,40,,\u00a0\u00bb rt_margins=\u00a0\u00bb,,,\u00a0\u00bb rt_content_margins=\u00a0\u00bb,,,\u00a0\u00bb rt_tablet_paddings=\u00a0\u00bb,,,\u00a0\u00bb rt_tablet_margins=\u00a0\u00bb,,,\u00a0\u00bb rt_tablet_content_margins=\u00a0\u00bb,,,\u00a0\u00bb rt_sp_paddings=\u00a0\u00bb,,,\u00a0\u00bb rt_sp_margins=\u00a0\u00bb,,,\u00a0\u00bb rt_sp_content_margins=\u00a0\u00bb,,,\u00a0\u00bb rt_vc_seperator_1=\u00a0\u00bb\u00a0\u00bb rt_vc_seperator_2=\u00a0\u00bb\u00a0\u00bb rt_vc_seperator_3=\u00a0\u00bb\u00a0\u00bb][vc_column width=\u00a0\u00bb1\/2&Prime; rt_bg_effect=\u00a0\u00bbclassic\u00a0\u00bb rt_bg_image_repeat=\u00a0\u00bbrepeat\u00a0\u00bb rt_bg_size=\u00a0\u00bbauto auto\u00a0\u00bb rt_bg_position=\u00a0\u00bbright top\u00a0\u00bb rt_bg_attachment=\u00a0\u00bbscroll\u00a0\u00bb rt_class=\u00a0\u00bbrt-1101779&Prime; rt_margins=\u00a0\u00bb,\u00a0\u00bb rt_paddings=\u00a0\u00bb10,10,,\u00a0\u00bb rt_wrapper_paddings=\u00a0\u00bb,,,\u00a0\u00bb rt_tablet_margins=\u00a0\u00bb,\u00a0\u00bb rt_tablet_paddings=\u00a0\u00bb,,,\u00a0\u00bb rt_tablet_wrapper_paddings=\u00a0\u00bb,,,\u00a0\u00bb rt_sp_margins=\u00a0\u00bb,\u00a0\u00bb rt_sp_paddings=\u00a0\u00bb,,,\u00a0\u00bb rt_sp_wrapper_paddings=\u00a0\u00bb,,,\u00a0\u00bb rt_bg_color=\u00a0\u00bb\u00a0\u00bb rt_bg_overlay_color=\u00a0\u00bb\u00a0\u00bb][vc_single_image image=\u00a0\u00bb11006&Prime; img_size=\u00a0\u00bbfull\u00a0\u00bb alignment=\u00a0\u00bbcenter\u00a0\u00bb][\/vc_column][vc_column width=\u00a0\u00bb1\/2&Prime; rt_bg_effect=\u00a0\u00bbclassic\u00a0\u00bb rt_bg_image_repeat=\u00a0\u00bbrepeat\u00a0\u00bb rt_bg_size=\u00a0\u00bbauto auto\u00a0\u00bb rt_bg_position=\u00a0\u00bbright top\u00a0\u00bb rt_bg_attachment=\u00a0\u00bbscroll\u00a0\u00bb]\n\t\t<article class=\"content-box content-box2\">\n\t\t<div class=\"rt-heading-wrapper\">\n\t\t\t\t\t\t<span class=\"punchline\">Ambiente<\/span><a href=\"https:\/\/www.sistemaingenius.it\/ambienti\/cucina\/\" target=\"_self\" title=\"vai ai prodotti\"><h3 class=\"rt-heading with_punchline\" >Cucina<\/h3><\/a>\n\t\t\t\t\t<\/div>\n\t\t<div class=\"content-holder\">\n\t\t\t<p>M\u00eame dans la cuisine, nos vannes INGENIUS d\u00e9montrent toute leur valeur et si vous avez une cuisine spacieuse et les foyers ne sont pas pr\u00e8s de l\u2019\u00e9vier, vous pouvez installer la nouveaut\u00e9 <a href=\"https:\/\/www.sistemaingenius.it\/fr\/inunica\/\">INUNICA<\/a> <strong>pr\u00e8s des feux<\/strong>: vous ne pourrez plus vous en passer!<\/p>\n\n\t\t\t<div class=\"button_wrapper  arrow rounded\"><a href=\"https:\/\/www.sistemaingenius.it\/ambienti\/cucina\/\" target=\"_self\" title=\"vai ai prodotti\" class=\"button_  style-2 small\"><span><span>vai ai prodotti<\/span><\/span><\/a><\/div>\n\t\t<\/div>\n\t\t<\/article>\n\t\t[\/vc_column][\/vc_row][vc_row rt_row_background_width=\u00a0\u00bbfullwidth\u00a0\u00bb rt_row_content_width=\u00a0\u00bbdefault\u00a0\u00bb rt_row_style=\u00a0\u00bbdefault-style\u00a0\u00bb rt_row_height=\u00a0\u00bb\u00a0\u00bb rt_column_gaps=\u00a0\u00bb\u00a0\u00bb rt_row_shadows=\u00a0\u00bb\u00a0\u00bb rt_row_borders=\u00a0\u00bbbottom\u00a0\u00bb rt_bg_effect=\u00a0\u00bbclassic\u00a0\u00bb rt_bg_image_repeat=\u00a0\u00bbrepeat\u00a0\u00bb rt_bg_size=\u00a0\u00bbcover\u00a0\u00bb rt_bg_position=\u00a0\u00bbright top\u00a0\u00bb rt_bg_attachment=\u00a0\u00bbscroll\u00a0\u00bb rt_bg_layer=\u00a0\u00bb\u00a0\u00bb rt_bg_video_format=\u00a0\u00bbself-hosted\u00a0\u00bb rt_class=\u00a0\u00bbrt-4868753&Prime; rt_paddings=\u00a0\u00bb40,40,,\u00a0\u00bb rt_margins=\u00a0\u00bb,,,\u00a0\u00bb rt_content_margins=\u00a0\u00bb,,,\u00a0\u00bb rt_tablet_paddings=\u00a0\u00bb,,,\u00a0\u00bb rt_tablet_margins=\u00a0\u00bb,,,\u00a0\u00bb rt_tablet_content_margins=\u00a0\u00bb,,,\u00a0\u00bb rt_sp_paddings=\u00a0\u00bb,,,\u00a0\u00bb rt_sp_margins=\u00a0\u00bb,,,\u00a0\u00bb rt_sp_content_margins=\u00a0\u00bb,,,\u00a0\u00bb rt_vc_seperator_1=\u00a0\u00bb\u00a0\u00bb rt_vc_seperator_2=\u00a0\u00bb\u00a0\u00bb rt_vc_seperator_3=\u00a0\u00bb\u00a0\u00bb][vc_column width=\u00a0\u00bb1\/2&Prime; rt_bg_effect=\u00a0\u00bbclassic\u00a0\u00bb rt_bg_image_repeat=\u00a0\u00bbrepeat\u00a0\u00bb rt_bg_size=\u00a0\u00bbauto auto\u00a0\u00bb rt_bg_position=\u00a0\u00bbright top\u00a0\u00bb rt_bg_attachment=\u00a0\u00bbscroll\u00a0\u00bb rt_class=\u00a0\u00bbrt-3690336&Prime; rt_margins=\u00a0\u00bb,\u00a0\u00bb rt_paddings=\u00a0\u00bb10,10,,\u00a0\u00bb rt_wrapper_paddings=\u00a0\u00bb,,,\u00a0\u00bb rt_tablet_margins=\u00a0\u00bb,\u00a0\u00bb rt_tablet_paddings=\u00a0\u00bb,,,\u00a0\u00bb rt_tablet_wrapper_paddings=\u00a0\u00bb,,,\u00a0\u00bb rt_sp_margins=\u00a0\u00bb,\u00a0\u00bb rt_sp_paddings=\u00a0\u00bb,,,\u00a0\u00bb rt_sp_wrapper_paddings=\u00a0\u00bb,,,\u00a0\u00bb rt_bg_color=\u00a0\u00bb\u00a0\u00bb rt_bg_overlay_color=\u00a0\u00bb\u00a0\u00bb][vc_single_image image=\u00a0\u00bb10994&Prime; img_size=\u00a0\u00bbfull\u00a0\u00bb alignment=\u00a0\u00bbcenter\u00a0\u00bb][\/vc_column][vc_column width=\u00a0\u00bb1\/2&Prime; rt_bg_effect=\u00a0\u00bbclassic\u00a0\u00bb rt_bg_image_repeat=\u00a0\u00bbrepeat\u00a0\u00bb rt_bg_size=\u00a0\u00bbauto auto\u00a0\u00bb rt_bg_position=\u00a0\u00bbright top\u00a0\u00bb rt_bg_attachment=\u00a0\u00bbscroll\u00a0\u00bb]\n\t\t<article class=\"content-box content-box2\">\n\t\t<div class=\"rt-heading-wrapper\">\n\t\t\t\t\t\t<span class=\"punchline\">Ambiente<\/span><a href=\"\/portfolio\/locale-tecnico\/\" target=\"_self\" title=\"Vai ai prodotti\"><h3 class=\"rt-heading with_punchline\" >Locale tecnico<\/h3><\/a>\n\t\t\t\t\t<\/div>\n\t\t<div class=\"content-holder\">\n\t\t\t<p>Dans chaque point d\u2019eau, m\u00eame dans le LOCAL TECHNIQUE, vous pouvez mettre les vannes <a href=\"\/projects\/ingenius\/\">INGENIUS<\/a>. Et n\u2019oubliez pas le <a href=\"http:\/\/test.sistemaingenius.it\/project-details\/ig103rga-attacco-rapido-acqua\/\">robinet de la <strong>machine \u00e0 laver<\/strong><\/a>! <\/p>\n\n\t\t\t<div class=\"button_wrapper  arrow rounded\"><a href=\"\/portfolio\/locale-tecnico\/\" target=\"_self\" title=\"Vai ai prodotti\" class=\"button_  style-2 small\"><span><span>Vai ai prodotti<\/span><\/span><\/a><\/div>\n\t\t<\/div>\n\t\t<\/article>\n\t\t[\/vc_column][\/vc_row][vc_row rt_row_background_width=\u00a0\u00bbfullwidth\u00a0\u00bb rt_row_content_width=\u00a0\u00bbdefault\u00a0\u00bb rt_row_style=\u00a0\u00bbdefault-style\u00a0\u00bb rt_row_height=\u00a0\u00bb\u00a0\u00bb rt_column_gaps=\u00a0\u00bb\u00a0\u00bb rt_row_shadows=\u00a0\u00bb\u00a0\u00bb rt_row_borders=\u00a0\u00bbbottom\u00a0\u00bb rt_bg_effect=\u00a0\u00bbclassic\u00a0\u00bb rt_bg_image_repeat=\u00a0\u00bbrepeat\u00a0\u00bb rt_bg_size=\u00a0\u00bbcover\u00a0\u00bb rt_bg_position=\u00a0\u00bbright top\u00a0\u00bb rt_bg_attachment=\u00a0\u00bbscroll\u00a0\u00bb rt_bg_layer=\u00a0\u00bb\u00a0\u00bb rt_bg_video_format=\u00a0\u00bbself-hosted\u00a0\u00bb rt_class=\u00a0\u00bbrt-6723139&Prime; rt_paddings=\u00a0\u00bb40,40,,\u00a0\u00bb rt_margins=\u00a0\u00bb,,,\u00a0\u00bb rt_content_margins=\u00a0\u00bb,,,\u00a0\u00bb rt_tablet_paddings=\u00a0\u00bb,,,\u00a0\u00bb rt_tablet_margins=\u00a0\u00bb,,,\u00a0\u00bb rt_tablet_content_margins=\u00a0\u00bb,,,\u00a0\u00bb rt_sp_paddings=\u00a0\u00bb,,,\u00a0\u00bb rt_sp_margins=\u00a0\u00bb,,,\u00a0\u00bb rt_sp_content_margins=\u00a0\u00bb,,,\u00a0\u00bb rt_vc_seperator_1=\u00a0\u00bb\u00a0\u00bb rt_vc_seperator_2=\u00a0\u00bb\u00a0\u00bb rt_vc_seperator_3=\u00a0\u00bb\u00a0\u00bb][vc_column width=\u00a0\u00bb1\/2&Prime; rt_bg_effect=\u00a0\u00bbclassic\u00a0\u00bb rt_bg_image_repeat=\u00a0\u00bbrepeat\u00a0\u00bb rt_bg_size=\u00a0\u00bbauto auto\u00a0\u00bb rt_bg_position=\u00a0\u00bbright top\u00a0\u00bb rt_bg_attachment=\u00a0\u00bbscroll\u00a0\u00bb rt_class=\u00a0\u00bbrt-6372968&Prime; rt_margins=\u00a0\u00bb,\u00a0\u00bb rt_paddings=\u00a0\u00bb10,10,,\u00a0\u00bb rt_wrapper_paddings=\u00a0\u00bb,,,\u00a0\u00bb rt_tablet_margins=\u00a0\u00bb,\u00a0\u00bb rt_tablet_paddings=\u00a0\u00bb,,,\u00a0\u00bb rt_tablet_wrapper_paddings=\u00a0\u00bb,,,\u00a0\u00bb rt_sp_margins=\u00a0\u00bb,\u00a0\u00bb rt_sp_paddings=\u00a0\u00bb,,,\u00a0\u00bb rt_sp_wrapper_paddings=\u00a0\u00bb,,,\u00a0\u00bb rt_bg_color=\u00a0\u00bb\u00a0\u00bb rt_bg_overlay_color=\u00a0\u00bb\u00a0\u00bb][vc_single_image image=\u00a0\u00bb10990&Prime; img_size=\u00a0\u00bbfull\u00a0\u00bb alignment=\u00a0\u00bbcenter\u00a0\u00bb][\/vc_column][vc_column width=\u00a0\u00bb1\/2&Prime; rt_bg_effect=\u00a0\u00bbclassic\u00a0\u00bb rt_bg_image_repeat=\u00a0\u00bbrepeat\u00a0\u00bb rt_bg_size=\u00a0\u00bbauto auto\u00a0\u00bb rt_bg_position=\u00a0\u00bbright top\u00a0\u00bb rt_bg_attachment=\u00a0\u00bbscroll\u00a0\u00bb]\n\t\t<article class=\"content-box content-box2\">\n\t\t<div class=\"rt-heading-wrapper\">\n\t\t\t\t\t\t<span class=\"punchline\">Ambiente<\/span><a href=\"https:\/\/www.sistemaingenius.it\/products\/riscaldamento\" target=\"_self\" title=\"Vai ai prodotti\"><h3 class=\"rt-heading with_punchline\" >Riscaldamento<\/h3><\/a>\n\t\t\t\t\t<\/div>\n\t\t<div class=\"content-holder\">\n\t\t\t<p>Avez-vous des <strong>radiateurs d\u00e9coratifs<\/strong> dans la maison? voici la bonne occasion d\u2019ins\u00e9rer INUNICA. Avec un design \u00e9pur\u00e9, il s\u2019adapte parfaitement \u00e0 tous les meubles et ajoute ce d\u00e9tail qui fait la diff\u00e9rence.  <\/p>\n\n\t\t\t<div class=\"button_wrapper  arrow rounded\"><a href=\"https:\/\/www.sistemaingenius.it\/products\/riscaldamento\" target=\"_self\" title=\"Vai ai prodotti\" class=\"button_  style-2 small\"><span><span>Vai ai prodotti<\/span><\/span><\/a><\/div>\n\t\t<\/div>\n\t\t<\/article>\n\t\t[\/vc_column][\/vc_row][vc_row rt_row_background_width=\u00a0\u00bbfullwidth\u00a0\u00bb rt_row_content_width=\u00a0\u00bbdefault\u00a0\u00bb rt_row_style=\u00a0\u00bbdefault-style\u00a0\u00bb rt_row_height=\u00a0\u00bb\u00a0\u00bb rt_column_gaps=\u00a0\u00bb\u00a0\u00bb rt_row_shadows=\u00a0\u00bb\u00a0\u00bb rt_row_borders=\u00a0\u00bbbottom\u00a0\u00bb rt_bg_effect=\u00a0\u00bbclassic\u00a0\u00bb rt_bg_image_repeat=\u00a0\u00bbrepeat\u00a0\u00bb rt_bg_size=\u00a0\u00bbcover\u00a0\u00bb rt_bg_position=\u00a0\u00bbright top\u00a0\u00bb rt_bg_attachment=\u00a0\u00bbscroll\u00a0\u00bb rt_bg_layer=\u00a0\u00bb\u00a0\u00bb rt_bg_video_format=\u00a0\u00bbself-hosted\u00a0\u00bb rt_class=\u00a0\u00bbrt-9961098&Prime; rt_paddings=\u00a0\u00bb40,40 ,,\u00a0\u00bb rt_margins=\u00a0\u00bb,,,\u00a0\u00bb rt_content_margins=\u00a0\u00bb,,,\u00a0\u00bb rt_tablet_paddings=\u00a0\u00bb,,,\u00a0\u00bb rt_tablet_margins=\u00a0\u00bb,,,\u00a0\u00bb rt_tablet_content_margins=\u00a0\u00bb,,,\u00a0\u00bb rt_sp_paddings=\u00a0\u00bb,,,\u00a0\u00bb rt_sp_margins=\u00a0\u00bb,,,\u00a0\u00bb rt_sp_content_margins=\u00a0\u00bb,,,\u00a0\u00bb rt_vc_seperator_1=\u00a0\u00bb\u00a0\u00bb rt_vc_seperator_2=\u00a0\u00bb\u00a0\u00bb rt_vc_seperator_3=\u00a0\u00bb\u00a0\u00bb][vc_column width=\u00a0\u00bb1\/2&Prime; rt_bg_effect=\u00a0\u00bbclassic\u00a0\u00bb rt_bg_image_repeat=\u00a0\u00bbrepeat\u00a0\u00bb rt_bg_size=\u00a0\u00bbauto auto\u00a0\u00bb rt_bg_position=\u00a0\u00bbright top\u00a0\u00bb rt_bg_attachment=\u00a0\u00bbscroll\u00a0\u00bb rt_class=\u00a0\u00bbrt-3275462&Prime; rt_margins=\u00a0\u00bb,\u00a0\u00bb rt_paddings=\u00a0\u00bb10,10,,\u00a0\u00bb rt_wrapper_paddings=\u00a0\u00bb,,,\u00a0\u00bb rt_tablet_margins=\u00a0\u00bb,\u00a0\u00bb rt_tablet_paddings=\u00a0\u00bb,,,\u00a0\u00bb rt_tablet_wrapper_paddings=\u00a0\u00bb,,,\u00a0\u00bb rt_sp_margins=\u00a0\u00bb,\u00a0\u00bb rt_sp_paddings=\u00a0\u00bb,,,\u00a0\u00bb rt_sp_wrapper_paddings=\u00a0\u00bb,,,\u00a0\u00bb rt_bg_color=\u00a0\u00bb\u00a0\u00bb rt_bg_overlay_color=\u00a0\u00bb\u00a0\u00bb][vc_single_image image=\u00a0\u00bb10998&Prime; img_size=\u00a0\u00bbfull\u00a0\u00bb alignment=\u00a0\u00bbcenter\u00a0\u00bb][\/vc_column][vc_column width=\u00a0\u00bb1\/2&Prime; rt_bg_effect=\u00a0\u00bbclassic\u00a0\u00bb rt_bg_image_repeat=\u00a0\u00bbrepeat\u00a0\u00bb rt_bg_size=\u00a0\u00bbauto auto\u00a0\u00bb rt_bg_position=\u00a0\u00bbright top\u00a0\u00bb rt_bg_attachment=\u00a0\u00bbscroll\u00a0\u00bb]\n\t\t<article class=\"content-box content-box2\">\n\t\t<div class=\"rt-heading-wrapper\">\n\t\t\t\t\t\t<span class=\"punchline\">Ambiente<\/span><a href=\"https:\/\/www.sistemaingenius.it\/products\/giardino\" target=\"_self\" title=\"vai ai prodotti\"><h3 class=\"rt-heading with_punchline\" >Giardino<\/h3><\/a>\n\t\t\t\t\t<\/div>\n\t\t<div class=\"content-holder\">\n\t\t\t<p>\u00cates-vous fatigu\u00e9 de couvrir le <strong>robinet de jardin en hiver<\/strong>? avec <a href=\"\/projects\/ingenius\/\">INGENIUS<\/a> juste un clic et le robinet est enlev\u00e9. Nous avons \u00e9galement lanc\u00e9 la premi\u00e8re <strong>colonne de douche ext\u00e9rieure<\/strong> avec fixation au sol INGENIUS : <a href=\"http:\/\/test.sistemaingenius.it\/project-details\/infine\/\"><strong>INFINE<\/strong><\/a>! Enti\u00e8rement d\u00e9montable id\u00e9al au <strong>bord de la piscine<\/strong>, \u00e0 proximit\u00e9 de <strong>spas<\/strong> ext\u00e9rieurs ou sur les <strong>bateaux<\/strong> et les <strong>yachts<\/strong>.  <\/p>\n\n\t\t\t<div class=\"button_wrapper  arrow rounded\"><a href=\"https:\/\/www.sistemaingenius.it\/products\/giardino\" target=\"_self\" title=\"vai ai prodotti\" class=\"button_  style-2 small\"><span><span>vai ai prodotti<\/span><\/span><\/a><\/div>\n\t\t<\/div>\n\t\t<\/article>\n\t\t[\/vc_column][\/vc_row]<\/p>\n","protected":false},"excerpt":{"rendered":"<p>[vc_row rt_row_background_width=\u00a0\u00bbfullwidth\u00a0\u00bb rt_row_content_width=\u00a0\u00bbdefault\u00a0\u00bb rt_row_style=\u00a0\u00bbdefault-style\u00a0\u00bb rt_row_height=\u00a0\u00bb\u00a0\u00bb rt_column_gaps=\u00a0\u00bb\u00a0\u00bb rt_row_shadows=\u00a0\u00bb\u00a0\u00bb rt_row_borders=\u00a0\u00bbbottom\u00a0\u00bb rt_bg_effect=\u00a0\u00bbclassic\u00a0\u00bb rt_bg_image_repeat=\u00a0\u00bbrepeat\u00a0\u00bb rt_bg_size=\u00a0\u00bbcover\u00a0\u00bb rt_bg_position=\u00a0\u00bbright top\u00a0\u00bb rt_bg_attachment=\u00a0\u00bbscroll\u00a0\u00bb rt_bg_layer=\u00a0\u00bb\u00a0\u00bb rt_bg_video_format=\u00a0\u00bbself-hosted\u00a0\u00bb rt_class=\u00a0\u00bbrt-3505954&Prime; rt_paddings=\u00a0\u00bb40,40,,\u00a0\u00bb rt_margins=\u00a0\u00bb,,,\u00a0\u00bb rt_content_margins=\u00a0\u00bb,,,\u00a0\u00bb rt_tablet_paddings=\u00a0\u00bb,,,\u00a0\u00bb rt_tablet_margins=\u00a0\u00bb,,,\u00a0\u00bb rt_tablet_content_margins=\u00a0\u00bb,,,\u00a0\u00bb rt_sp_paddings=\u00a0\u00bb,,,\u00a0\u00bb rt_sp_margins=\u00a0\u00bb,,,\u00a0\u00bb rt_sp_content_margins=\u00a0\u00bb,,,\u00a0\u00bb rt_vc_seperator_1=\u00a0\u00bb\u00a0\u00bb rt_vc_seperator_2=\u00a0\u00bb\u00a0\u00bb rt_vc_seperator_3=\u00a0\u00bb\u00a0\u00bb][vc_column width=\u00a0\u00bb1\/2&Prime; rt_bg_effect=\u00a0\u00bbclassic\u00a0\u00bb rt_bg_image_repeat=\u00a0\u00bbrepeat\u00a0\u00bb rt_bg_size=\u00a0\u00bbauto auto\u00a0\u00bb rt_bg_position=\u00a0\u00bbright top\u00a0\u00bb rt_bg_attachment=\u00a0\u00bbscroll\u00a0\u00bb rt_class=\u00a0\u00bbrt-9140357&Prime; rt_margins=\u00a0\u00bb,\u00a0\u00bb rt_paddings=\u00a0\u00bb10,10,,\u00a0\u00bb rt_wrapper_paddings=\u00a0\u00bb,,,\u00a0\u00bb rt_tablet_margins=\u00a0\u00bb,\u00a0\u00bb rt_tablet_paddings=\u00a0\u00bb,,,\u00a0\u00bb rt_tablet_wrapper_paddings=\u00a0\u00bb,,,\u00a0\u00bb rt_sp_margins=\u00a0\u00bb,\u00a0\u00bb rt_sp_paddings=\u00a0\u00bb,,,\u00a0\u00bb rt_sp_wrapper_paddings=\u00a0\u00bb,,,\u00a0\u00bb rt_bg_color=\u00a0\u00bb\u00a0\u00bb rt_bg_overlay_color=\u00a0\u00bb\u00a0\u00bb][vc_single_image image=\u00a0\u00bb11002&Prime; img_size=\u00a0\u00bbfull\u00a0\u00bb alignment=\u00a0\u00bbcenter\u00a0\u00bb][\/vc_column][vc_column width=\u00a0\u00bb1\/2&Prime; rt_bg_effect=\u00a0\u00bbclassic\u00a0\u00bb rt_bg_image_repeat=\u00a0\u00bbrepeat\u00a0\u00bb [&hellip;]<\/p>\n","protected":false},"author":1,"featured_media":0,"parent":0,"menu_order":0,"comment_status":"closed","ping_status":"closed","template":"","meta":{"footnotes":""},"class_list":["post-11070","page","type-page","status-publish","hentry"],"_links":{"self":[{"href":"https:\/\/www.sistemaingenius.it\/fr\/wp-json\/wp\/v2\/pages\/11070","targetHints":{"allow":["GET"]}}],"collection":[{"href":"https:\/\/www.sistemaingenius.it\/fr\/wp-json\/wp\/v2\/pages"}],"about":[{"href":"https:\/\/www.sistemaingenius.it\/fr\/wp-json\/wp\/v2\/types\/page"}],"author":[{"embeddable":true,"href":"https:\/\/www.sistemaingenius.it\/fr\/wp-json\/wp\/v2\/users\/1"}],"replies":[{"embeddable":true,"href":"https:\/\/www.sistemaingenius.it\/fr\/wp-json\/wp\/v2\/comments?post=11070"}],"version-history":[{"count":10,"href":"https:\/\/www.sistemaingenius.it\/fr\/wp-json\/wp\/v2\/pages\/11070\/revisions"}],"predecessor-version":[{"id":11072,"href":"https:\/\/www.sistemaingenius.it\/fr\/wp-json\/wp\/v2\/pages\/11070\/revisions\/11072"}],"wp:attachment":[{"href":"https:\/\/www.sistemaingenius.it\/fr\/wp-json\/wp\/v2\/media?parent=11070"}],"curies":[{"name":"wp","href":"https:\/\/api.w.org\/{rel}","templated":true}]}}